{"id":243016,"date":"2026-03-15T17:03:30","date_gmt":"2026-03-15T20:03:30","guid":{"rendered":"https:\/\/grupovansur.com\/?page_id=243016"},"modified":"2026-03-15T17:53:44","modified_gmt":"2026-03-15T20:53:44","slug":"malba","status":"publish","type":"page","link":"https:\/\/grupovansur.com\/en\/proyectos\/malba\/","title":{"rendered":"MALBA"},"content":{"rendered":"<p>[et_pb_section fb_built=\u00bb1&#8243; _builder_version=\u00bb4.27.4&#8243; _module_preset=\u00bbdefault\u00bb custom_margin=\u00bb75px||||false|false\u00bb custom_padding=\u00bb||||false|false\u00bb global_colors_info=\u00bb{}\u00bb][et_pb_row column_structure=\u00bb2_3,1_3&#8243; use_custom_gutter=\u00bbon\u00bb gutter_width=\u00bb2&#8243; make_equal=\u00bbon\u00bb custom_padding_last_edited=\u00bbon|phone\u00bb _builder_version=\u00bb4.27.5&#8243; _module_preset=\u00bbdefault\u00bb width=\u00bb95%\u00bb width_tablet=\u00bb\u00bb width_phone=\u00bb90%\u00bb width_last_edited=\u00bbon|phone\u00bb max_width=\u00bb1550px\u00bb min_height=\u00bb90vh\u00bb min_height_tablet=\u00bb500px\u00bb min_height_last_edited=\u00bboff|desktop\u00bb height_last_edited=\u00bboff|phone\u00bb max_height_last_edited=\u00bboff|phone\u00bb custom_padding_tablet=\u00bb\u00bb custom_padding_phone=\u00bb||0px||false|false\u00bb saved_tabs=\u00bball\u00bb global_colors_info=\u00bb{}\u00bb][et_pb_column type=\u00bb2_3&#8243; _builder_version=\u00bb4.27.4&#8243; _module_preset=\u00bbdefault\u00bb background_enable_color=\u00bboff\u00bb background_video_mp4=\u00bbhttps:\/\/grupovansur.com\/wp-content\/uploads\/2025\/09\/Malba-Compress.mp4&#8243; custom_padding=\u00bb25px|25px|25px|25px|true|true\u00bb custom_padding_tablet=\u00bb25px|25px|25px|25px|true|true\u00bb custom_padding_phone=\u00bb350px|25px|25px|25px|false|true\u00bb custom_padding_last_edited=\u00bbon|phone\u00bb animation_direction=\u00bbbottom\u00bb link_option_url=\u00bbhttps:\/\/malba.org.ar\u00bb link_option_url_new_window=\u00bbon\u00bb background_size_phone=\u00bbcover\u00bb background_position_phone=\u00bbcenter\u00bb custom_css_main_element=\u00bbdisplay: flex;||align-items: flex-end;\u00bb border_radii=\u00bbon|20px|20px|20px|20px\u00bb border_width_all=\u00bb1px\u00bb border_color_all=\u00bb#eaeaea\u00bb global_colors_info=\u00bb{}\u00bb transform_styles__hover_enabled=\u00bboff|desktop\u00bb box_shadow_color__hover_enabled=\u00bboff|desktop\u00bb box_shadow_color__hover=\u00bbrgba(255,255,255,0.2)\u00bb box_shadow_vertical__hover_enabled=\u00bboff|desktop\u00bb box_shadow_vertical__hover=\u00bb-250px\u00bb filter_brightness__hover_enabled=\u00bboff|desktop\u00bb filter_brightness__hover=\u00bb90%\u00bb transform_scale__hover=\u00bb101%|101%\u00bb transform_scale__hover_enabled=\u00bboff|desktop\u00bb transform_translate__hover_enabled=\u00bboff|desktop\u00bb transform_rotate__hover_enabled=\u00bboff|desktop\u00bb transform_skew__hover_enabled=\u00bboff|desktop\u00bb transform_origin__hover_enabled=\u00bboff|desktop\u00bb][et_pb_image src=\u00bbhttps:\/\/grupovansur.com\/wp-content\/uploads\/2025\/09\/Malba-Marca-en-negro.svg\u00bb title_text=\u00bbMalba &#8211; Marca en negro\u00bb align=\u00bbcenter\u00bb force_fullwidth=\u00bbon\u00bb _builder_version=\u00bb4.27.4&#8243; _module_preset=\u00bbdefault\u00bb background_color=\u00bb#FFFFFF\u00bb positioning=\u00bbabsolute\u00bb position_origin_a=\u00bbtop_center\u00bb width_tablet=\u00bb70%\u00bb width_phone=\u00bb100%\u00bb width_last_edited=\u00bbon|phone\u00bb custom_padding=\u00bb30px|30px|30px|30px|false|false\u00bb custom_padding_tablet=\u00bb30px|30px|30px|30px|false|false\u00bb custom_padding_phone=\u00bb20px|20px|20px|20px|false|false\u00bb custom_padding_last_edited=\u00bbon|phone\u00bb border_width_all_tablet=\u00bb30px\u00bb border_width_all_phone=\u00bb20px\u00bb border_width_all_last_edited=\u00bboff|desktop\u00bb global_colors_info=\u00bb{}\u00bb][\/et_pb_image][\/et_pb_column][et_pb_column type=\u00bb1_3&#8243; _builder_version=\u00bb4.27.5&#8243; _module_preset=\u00bbdefault\u00bb background_enable_image=\u00bboff\u00bb background_position=\u00bbtop_left\u00bb custom_padding=\u00bb40px|40px|40px|40px|true|true\u00bb custom_padding_tablet=\u00bb25px|25px|25px|25px|true|true\u00bb custom_padding_phone=\u00bb25px|25px|25px|25px|false|true\u00bb custom_padding_last_edited=\u00bbon|phone\u00bb animation_direction=\u00bbbottom\u00bb link_option_url_new_window=\u00bbon\u00bb border_radii=\u00bbon|20px|20px|20px|20px\u00bb border_width_all=\u00bb1px\u00bb border_color_all=\u00bb#eaeaea\u00bb global_colors_info=\u00bb{}\u00bb transform_styles__hover_enabled=\u00bboff|desktop\u00bb custom_css_main_element__hover_enabled=\u00bboff|desktop\u00bb custom_css_main_element__hover=\u00bbopacity:100;\u00bb filter_brightness__hover_enabled=\u00bboff|desktop\u00bb filter_brightness__hover=\u00bb90%\u00bb transform_scale__hover=\u00bb101%|101%\u00bb transform_scale__hover_enabled=\u00bboff|desktop\u00bb transform_translate__hover_enabled=\u00bboff|desktop\u00bb transform_rotate__hover_enabled=\u00bboff|desktop\u00bb transform_skew__hover_enabled=\u00bboff|desktop\u00bb transform_origin__hover_enabled=\u00bboff|desktop\u00bb][et_pb_text admin_label=\u00bb\u00daltimos proyectos\u00bb _builder_version=\u00bb4.27.4&#8243; text_font=\u00bbMontserrat||||||||\u00bb text_text_color=\u00bbgcid-c389bf42-7860-4a0d-bc00-f1d622e25685&#8243; text_font_size=\u00bb16px\u00bb text_line_height=\u00bb1.4em\u00bb header_font=\u00bbMonument Extended Regular|300|||||||\u00bb header_line_height=\u00bb1.2em\u00bb header_4_font=\u00bbMontserrat|||on|||||\u00bb header_4_font_size=\u00bb10px\u00bb header_4_letter_spacing=\u00bb1px\u00bb header_4_line_height=\u00bb1.4em\u00bb custom_margin=\u00bb||50px||false|false\u00bb header_font_size_tablet=\u00bb\u00bb header_font_size_phone=\u00bb30px\u00bb header_font_size_last_edited=\u00bbon|phone\u00bb global_colors_info=\u00bb{%22gcid-c389bf42-7860-4a0d-bc00-f1d622e25685%22:%91%22text_text_color%22%93}\u00bb]<\/p>\n<h1>MALBA<\/h1>\n<p>Museo de Arte Latinoamericano de Buenos Aires<\/p>\n<p>[\/et_pb_text][et_pb_text admin_label=\u00bb\u00daltimos proyectos\u00bb _builder_version=\u00bb4.27.5&#8243; text_font=\u00bbMontserrat||||||||\u00bb text_text_color=\u00bbgcid-c389bf42-7860-4a0d-bc00-f1d622e25685&#8243; text_line_height=\u00bb1.4em\u00bb header_font=\u00bbMonument Extended Regular|300|||||||\u00bb header_line_height=\u00bb1.2em\u00bb header_2_font_size=\u00bb16px\u00bb header_3_font=\u00bbMontserrat|||on|||||\u00bb header_3_font_size=\u00bb10px\u00bb header_3_letter_spacing=\u00bb1px\u00bb header_3_line_height=\u00bb1.4em\u00bb header_4_font=\u00bbMontserrat|||on|||||\u00bb header_4_font_size=\u00bb10px\u00bb header_4_letter_spacing=\u00bb1px\u00bb header_4_line_height=\u00bb1.4em\u00bb header_font_size_tablet=\u00bb\u00bb header_font_size_phone=\u00bb30px\u00bb header_font_size_last_edited=\u00bbon|phone\u00bb custom_css_free_form=\u00bb.tag2 {||    line-height: 3em;||}\u00bb global_colors_info=\u00bb{%22gcid-c389bf42-7860-4a0d-bc00-f1d622e25685%22:%91%22text_text_color%22,%22text_text_color%22,%22text_text_color%22,%22text_text_color%22%93}\u00bb]<\/p>\n<h2>Ubicaci\u00f3n<\/h2>\n<p>Av. Pres. Figueroa Alcorta 3415, Ciudad Aut\u00f3noma de Buenos Aires, Argentina<br \/>\n&nbsp;<\/p>\n<h2>Sector<\/h2>\n<p>Sin fines de lucro<br \/>\n&nbsp;<\/p>\n<h2>Audiencia<\/h2>\n<h3><mark class=\"tag2\">B2C<\/mark> <mark class=\"tag2\">B2B<\/mark><\/h3>\n<p>&nbsp;<\/p>\n<h2>Servicios<\/h2>\n<h3><mark class=\"tag2\">Administraci\u00f3n web<\/mark> <mark class=\"tag2\">Anal\u00edtica Web\/Big data<\/mark> <mark class=\"tag2\">Aplicaci\u00f3n Web<\/mark> <mark class=\"tag2\">Ciber seguridad<\/mark><mark class=\"tag2\">Consultoria Cloud<\/mark> <mark class=\"tag2\">Creaci\u00f3n de Sitios Web<\/mark> <mark class=\"tag2\">Desarrollo de Software<\/mark> <mark class=\"tag2\">SEO<\/mark><mark class=\"tag2\">Usabilidad (UX\/UI)<\/mark><\/h3>\n<p>&nbsp;<\/p>\n<h2>Fecha<\/h2>\n<p>nov 2024 &#8211; en curso[\/et_pb_text][et_pb_button button_url=\u00bbhttps:\/\/www.malba.org.ar\/\u00bb url_new_window=\u00bbon\u00bb button_text=\u00bbIr al sitio web\u00bb button_alignment=\u00bbcenter\u00bb disabled_on=\u00bbon|on|off\u00bb admin_label=\u00bbQuiero una asesor\u00eda gratuita\u00bb _builder_version=\u00bb4.27.4&#8243; custom_button=\u00bbon\u00bb button_text_size=\u00bb13px\u00bb button_text_color=\u00bb#262626&#8243; button_bg_color=\u00bbRGBA(255,255,255,0)\u00bb button_border_width=\u00bb1px\u00bb button_border_color=\u00bb#ffc127&#8243; button_border_radius=\u00bb100px\u00bb button_letter_spacing=\u00bb1px\u00bb button_use_icon=\u00bboff\u00bb custom_margin=\u00bb||||false|false\u00bb custom_padding=\u00bb15px|30px|15px|30px|true|true\u00bb custom_css_main_element=\u00bbwidth: 100%;\u00bb box_shadow_style=\u00bbpreset5&#8243; box_shadow_vertical=\u00bb0px\u00bb box_shadow_spread=\u00bb5px\u00bb box_shadow_color=\u00bbrgba(0,0,0,0.02)\u00bb global_colors_info=\u00bb{%22gcid-20917a99-e29b-4378-92ee-494801b875c4%22:%91%22button_bg_color__hover%22%93}\u00bb button_bg_color__hover_enabled=\u00bbon|desktop\u00bb button_bg_color__hover=\u00bb#ffc127&#8243; button_bg_enable_color__hover=\u00bbon\u00bb button_border_color__hover_enabled=\u00bbon|desktop\u00bb button_border_color__hover=\u00bb#ffc127&#8243; button_text_color__hover_enabled=\u00bbon|hover\u00bb button_text_color__hover=\u00bb#262626&#8243; box_shadow_spread__hover_enabled=\u00bbon|hover\u00bb box_shadow_spread__hover=\u00bb0px\u00bb][\/et_pb_button][\/et_pb_column][\/et_pb_row][\/et_pb_section][et_pb_section fb_built=\u00bb1&#8243; _builder_version=\u00bb4.27.4&#8243; _module_preset=\u00bbdefault\u00bb global_colors_info=\u00bb{}\u00bb][et_pb_row make_equal=\u00bbon\u00bb custom_padding_last_edited=\u00bbon|phone\u00bb disabled_on=\u00bboff|off|off\u00bb _builder_version=\u00bb4.27.5&#8243; _module_preset=\u00bbdefault\u00bb width=\u00bb45%\u00bb width_tablet=\u00bb90%\u00bb width_phone=\u00bb90%\u00bb width_last_edited=\u00bbon|phone\u00bb max_width_tablet=\u00bb90%\u00bb max_width_phone=\u00bb90%\u00bb max_width_last_edited=\u00bbon|desktop\u00bb module_alignment=\u00bbcenter\u00bb custom_padding_tablet=\u00bb\u00bb custom_padding_phone=\u00bb0px|10px||10px|false|true\u00bb global_colors_info=\u00bb{}\u00bb][et_pb_column type=\u00bb4_4&#8243; _builder_version=\u00bb4.23.1&#8243; _module_preset=\u00bbdefault\u00bb global_colors_info=\u00bb{}\u00bb][et_pb_text quote_border_color=\u00bb#ffc127&#8243; _builder_version=\u00bb4.27.5&#8243; _module_preset=\u00bbdefault\u00bb text_font=\u00bbArchivo|300|||||||\u00bb text_font_size=\u00bb18px\u00bb text_line_height=\u00bb1.6em\u00bb link_font=\u00bb||||||||\u00bb link_text_color=\u00bb#262626&#8243; header_font=\u00bbMontserrat|700|||||||\u00bb header_font_size=\u00bb34px\u00bb header_line_height=\u00bb1.2em\u00bb header_2_font=\u00bbMontserrat|700|||||||\u00bb header_2_font_size=\u00bb30px\u00bb header_2_line_height=\u00bb1.2em\u00bb header_3_font=\u00bbMontserrat|700|||||||\u00bb header_3_font_size=\u00bb25px\u00bb header_3_line_height=\u00bb1.2em\u00bb header_4_font=\u00bbMontserrat|700|||||||\u00bb header_4_font_size=\u00bb34px\u00bb header_4_line_height=\u00bb1.2em\u00bb header_5_font=\u00bbMontserrat|700|||||||\u00bb header_5_font_size=\u00bb34px\u00bb header_5_line_height=\u00bb1.2em\u00bb header_6_font=\u00bbMontserrat|||on|||||\u00bb header_6_font_size=\u00bb34px\u00bb header_6_letter_spacing=\u00bb1px\u00bb header_6_line_height=\u00bb1.4em\u00bb header_2_font_size_tablet=\u00bb30px\u00bb header_2_font_size_phone=\u00bb25px\u00bb header_2_font_size_last_edited=\u00bbon|phone\u00bb header_2_line_height_tablet=\u00bb1.2em\u00bb header_2_line_height_phone=\u00bb1.2em\u00bb header_2_line_height_last_edited=\u00bbon|phone\u00bb global_colors_info=\u00bb{}\u00bb header_2_2_line_height_phone=\u00bb1.2em\u00bb header_3_2_line_height_phone=\u00bb1.2em\u00bb header_4_2_line_height_phone=\u00bb1.2em\u00bb header_5_2_line_height_phone=\u00bb1.2em\u00bb header_6_2_line_height_phone=\u00bb1.2em\u00bb header_2_2_line_height_last_edited=\u00bbon|phone\u00bb header_3_2_line_height_last_edited=\u00bbon|phone\u00bb header_4_2_line_height_last_edited=\u00bbon|phone\u00bb header_5_2_line_height_last_edited=\u00bbon|phone\u00bb header_6_2_line_height_last_edited=\u00bbon|phone\u00bb header_2_2_line_height_tablet=\u00bb1.2em\u00bb header_3_2_line_height_tablet=\u00bb1.2em\u00bb header_4_2_line_height_tablet=\u00bb1.2em\u00bb header_5_2_line_height_tablet=\u00bb1.2em\u00bb header_6_2_line_height_tablet=\u00bb1.2em\u00bb]<\/p>\n<h2>Descripci\u00f3n<\/h2>\n<p>Realizamos la transformaci\u00f3n digital integral de la plataforma web del <strong>MALBA<\/strong>. El proyecto consisti\u00f3 en el dise\u00f1o y desarrollo a medida de un nuevo sitio web en WordPress, enfocado en crear una experiencia de usuario inmersiva, optimizar la performance y consolidar m\u00e1s de una d\u00e9cada de contenido digital en una arquitectura moderna, segura y escalable.<\/p>\n<h2>Desaf\u00edo<\/h2>\n<p>El <strong>MALBA<\/strong>, como instituci\u00f3n cultural de vanguardia, enfrentaba el reto de alinear su presencia digital con su prestigio. Su plataforma web anterior presentaba desaf\u00edos significativos:<\/p>\n<ul>\n<li><strong>Desaf\u00edo del Cliente:<\/strong> Necesitaban un sitio que no solo fuera un repositorio de informaci\u00f3n, sino el pilar de su nueva estrategia de digitalizaci\u00f3n total. Buscaban reducir la alta carga de consultas repetitivas en atenci\u00f3n al cliente y ofrecer una experiencia m\u00f3vil fluida que reflejara la calidad de sus exhibiciones.<\/li>\n<li><strong>Nuestro Desaf\u00edo como Proveedor:<\/strong> Afrontamos la enorme complejidad t\u00e9cnica de migrar m\u00e1s de 10 a\u00f1os de contenido y eventos sin p\u00e9rdida de datos. El principal reto fue desarrollar sobre WordPress una soluci\u00f3n altamente personalizada que soportara un dise\u00f1o visualmente impactante y sofisticado, sin sacrificar la velocidad de carga ni la usabilidad, y garantizando una seguridad robusta para una instituci\u00f3n de alto perfil.<\/li>\n<\/ul>\n<h2>Soluci\u00f3n<\/h2>\n<p>Abordamos el proyecto con una estrategia multidisciplinaria centrada en el usuario y los objetivos del museo:<\/p>\n<ul>\n<li><strong>Desarrollo a Medida y Dise\u00f1o de Vanguardia:<\/strong> Creamos un tema de WordPress desde cero, permitiendo una total libertad creativa para implementar un dise\u00f1o limpio, moderno y alineado con la identidad visual del MALBA. La interfaz fue dise\u00f1ada con un enfoque <em>mobile-first<\/em> para garantizar una experiencia impecable en todos los dispositivos.<\/li>\n<li><strong>Arquitectura de la Informaci\u00f3n y UX:<\/strong> Realizamos un an\u00e1lisis de m\u00e9tricas para identificar los patrones de navegaci\u00f3n de los usuarios. Basado en datos, reestructuramos la arquitectura del sitio, simplificando el acceso a informaci\u00f3n clave (horarios, entradas, exposiciones) y reduciendo dr\u00e1sticamente los puntos de fricci\u00f3n que generaban consultas.<\/li>\n<li><strong>Migraci\u00f3n y Optimizaci\u00f3n:<\/strong> Ejecutamos un plan de migraci\u00f3n de contenidos meticuloso y seguro. A nivel t\u00e9cnico, optimizamos el rendimiento del sitio, mejorando los tiempos de carga mediante la optimizaci\u00f3n de activos, y fortificamos la seguridad del servidor y la plataforma para proteger la integridad del museo.<\/li>\n<li><strong>Integraci\u00f3n E-commerce:<\/strong> Desarrollamos una integraci\u00f3n fluida con la tienda online y los puntos de venta f\u00edsicos, creando un ecosistema digital cohesivo que acompa\u00f1a al visitante desde la planificaci\u00f3n de su visita hasta la compra de un recuerdo.<\/li>\n<\/ul>\n<h2>Impacto<\/h2>\n<p>El nuevo sitio web se ha convertido en una herramienta estrat\u00e9gica central para el <strong>MALBA<\/strong>, generando un impacto medible y cualitativo en su operaci\u00f3n y alcance:<\/p>\n<ul>\n<li><strong>Transformaci\u00f3n de la Experiencia Digital:<\/strong> La plataforma ahora ofrece una experiencia inmersiva y coherente que funciona como una extensi\u00f3n digital del museo, alineada con su proyecto de digitalizaci\u00f3n global.<\/li>\n<li><strong>Eficiencia Operativa:<\/strong> La mejora en la usabilidad y la claridad de la informaci\u00f3n ha provocado una reducci\u00f3n significativa en el volumen de consultas al equipo de atenci\u00f3n al cliente, permiti\u00e9ndoles enfocarse en tareas de mayor valor.<\/li>\n<li><strong>Unificaci\u00f3n del Ecosistema:<\/strong> El proyecto consolid\u00f3 la visita digital, la compra de entradas y la tienda online en una \u00fanica experiencia de usuario, fortaleciendo la estrategia comercial del museo.<\/li>\n<li><strong>Posicionamiento de Liderazgo:<\/strong> El nuevo sitio web no solo cumple una funci\u00f3n informativa, sino que posiciona al MALBA a la vanguardia de las instituciones culturales en el \u00e1mbito digital, tanto a nivel nacional como internacional.<\/li>\n<\/ul>\n<p>[\/et_pb_text][\/et_pb_column][\/et_pb_row][\/et_pb_section][et_pb_section fb_built=\u00bb1&#8243; custom_padding_last_edited=\u00bboff|phone\u00bb module_id=\u00bbcontacto\u00bb _builder_version=\u00bb4.23.1&#8243; _module_preset=\u00bbdefault\u00bb background_enable_color=\u00bboff\u00bb use_background_color_gradient=\u00bbon\u00bb background_color_gradient_direction=\u00bb45deg\u00bb background_color_gradient_stops=\u00bbrgba(255,255,255,0) 0%|#ffffff 60%\u00bb background_image=\u00bbhttps:\/\/grupovansur.com\/wp-content\/uploads\/2023\/12\/Mapa-GV-01.svg\u00bb background_size=\u00bbcontain\u00bb background_position=\u00bbtop_center\u00bb background_blend=\u00bbscreen\u00bb custom_padding_tablet=\u00bb200px||200px||true|false\u00bb global_colors_info=\u00bb{}\u00bb global_module=\u00bb243407&#8243; theme_builder_area=\u00bbpost_content\u00bb][et_pb_row column_structure=\u00bb1_2,1_2&#8243; make_equal=\u00bbon\u00bb _builder_version=\u00bb4.23.1&#8243; _module_preset=\u00bbdefault\u00bb width_tablet=\u00bb\u00bb width_phone=\u00bb90%\u00bb width_last_edited=\u00bbon|phone\u00bb max_width=\u00bb1280px\u00bb global_colors_info=\u00bb{}\u00bb theme_builder_area=\u00bbpost_content\u00bb][et_pb_column type=\u00bb1_2&#8243; _builder_version=\u00bb4.23.1&#8243; _module_preset=\u00bbdefault\u00bb global_colors_info=\u00bb{}\u00bb theme_builder_area=\u00bbpost_content\u00bb][et_pb_text _builder_version=\u00bb4.27.5&#8243; _module_preset=\u00bbdefault\u00bb text_font=\u00bbMonument Extended Regular||||||||\u00bb text_text_color=\u00bbgcid-b498170c-af0c-48d5-aae1-d533fa43cbc9&#8243; text_font_size=\u00bb40px\u00bb text_line_height=\u00bb1.2em\u00bb header_2_font=\u00bbMonument Extended Regular|300|||||||\u00bb header_2_font_size=\u00bb40px\u00bb header_2_line_height=\u00bb1.2em\u00bb custom_margin=\u00bb||10px||false|false\u00bb custom_padding=\u00bb||||false|false\u00bb text_font_size_tablet=\u00bb40px\u00bb text_font_size_phone=\u00bb28px\u00bb text_font_size_last_edited=\u00bbon|desktop\u00bb header_2_font_size_tablet=\u00bb40px\u00bb header_2_font_size_phone=\u00bb28px\u00bb header_2_font_size_last_edited=\u00bbon|desktop\u00bb global_colors_info=\u00bb{%22gcid-b498170c-af0c-48d5-aae1-d533fa43cbc9%22:%91%22text_text_color%22%93}\u00bb theme_builder_area=\u00bbpost_content\u00bb]Hablemos[\/et_pb_text][et_pb_text _builder_version=\u00bb4.27.5&#8243; _module_preset=\u00bbdefault\u00bb text_font=\u00bbMontserrat||||||||\u00bb text_text_color=\u00bbgcid-c389bf42-7860-4a0d-bc00-f1d622e25685&#8243; text_font_size=\u00bb16px\u00bb text_line_height=\u00bb1.4em\u00bb header_2_font=\u00bbMonument Extended Regular|300|||||||\u00bb header_2_font_size=\u00bb40px\u00bb header_2_line_height=\u00bb1.2em\u00bb header_2_font_size_tablet=\u00bb40px\u00bb header_2_font_size_phone=\u00bb28px\u00bb header_2_font_size_last_edited=\u00bbon|phone\u00bb global_colors_info=\u00bb{%22gcid-c389bf42-7860-4a0d-bc00-f1d622e25685%22:%91%22text_text_color%22%93}\u00bb theme_builder_area=\u00bbpost_content\u00bb]<\/p>\n<p>Cu\u00e9ntanos acerca de tu proyecto<\/p>\n<p>[\/et_pb_text][et_pb_blurb image=\u00bbhttps:\/\/grupovansur.com\/wp-content\/uploads\/2024\/02\/Icon1-01.svg\u00bb icon_placement=\u00bbleft\u00bb content_max_width=\u00bb100%\u00bb _builder_version=\u00bb4.27.5&#8243; _module_preset=\u00bbdefault\u00bb header_level=\u00bbh3&#8243; header_font=\u00bbMontserrat|500|||||||\u00bb header_text_color=\u00bbgcid-c389bf42-7860-4a0d-bc00-f1d622e25685&#8243; header_font_size=\u00bb15px\u00bb header_line_height=\u00bb2em\u00bb body_font=\u00bbMontserrat|500|||||||\u00bb body_text_color=\u00bbgcid-c389bf42-7860-4a0d-bc00-f1d622e25685&#8243; body_font_size=\u00bb15px\u00bb body_line_height=\u00bb2em\u00bb custom_margin=\u00bb||15px||false|false\u00bb animation=\u00bboff\u00bb global_colors_info=\u00bb{%22gcid-c389bf42-7860-4a0d-bc00-f1d622e25685%22:%91%22header_text_color%22,%22body_text_color%22%93}\u00bb theme_builder_area=\u00bbpost_content\u00bb]<\/p>\n<p>Programa una reuni\u00f3n con nuestro departamento comercial<\/p>\n<p>[\/et_pb_blurb][et_pb_blurb image=\u00bbhttps:\/\/grupovansur.com\/wp-content\/uploads\/2024\/02\/Icon2-01.svg\u00bb icon_placement=\u00bbleft\u00bb content_max_width=\u00bb100%\u00bb _builder_version=\u00bb4.27.5&#8243; _module_preset=\u00bbdefault\u00bb header_level=\u00bbh3&#8243; header_font=\u00bbMontserrat|500|||||||\u00bb header_text_color=\u00bbgcid-c389bf42-7860-4a0d-bc00-f1d622e25685&#8243; header_font_size=\u00bb15px\u00bb header_line_height=\u00bb2em\u00bb body_font=\u00bbMontserrat|500|||||||\u00bb body_text_color=\u00bbgcid-c389bf42-7860-4a0d-bc00-f1d622e25685&#8243; body_font_size=\u00bb15px\u00bb body_line_height=\u00bb2em\u00bb custom_margin=\u00bb||15px||false|false\u00bb animation=\u00bboff\u00bb global_colors_info=\u00bb{%22gcid-c389bf42-7860-4a0d-bc00-f1d622e25685%22:%91%22header_text_color%22,%22body_text_color%22,%22header_text_color%22%93}\u00bb theme_builder_area=\u00bbpost_content\u00bb]<\/p>\n<p>Recopilamos todos tus requisitos para estimar mejor tu proyecto<\/p>\n<p>[\/et_pb_blurb][et_pb_blurb image=\u00bbhttps:\/\/grupovansur.com\/wp-content\/uploads\/2024\/02\/Icon3-01.svg\u00bb icon_placement=\u00bbleft\u00bb content_max_width=\u00bb100%\u00bb _builder_version=\u00bb4.27.5&#8243; _module_preset=\u00bbdefault\u00bb header_level=\u00bbh3&#8243; header_font=\u00bbMontserrat|500|||||||\u00bb header_text_color=\u00bbgcid-c389bf42-7860-4a0d-bc00-f1d622e25685&#8243; header_font_size=\u00bb15px\u00bb header_line_height=\u00bb2em\u00bb body_font=\u00bbMontserrat|500|||||||\u00bb body_text_color=\u00bbgcid-c389bf42-7860-4a0d-bc00-f1d622e25685&#8243; body_font_size=\u00bb15px\u00bb body_line_height=\u00bb2em\u00bb custom_margin=\u00bb||15px||false|false\u00bb animation=\u00bboff\u00bb global_colors_info=\u00bb{%22gcid-c389bf42-7860-4a0d-bc00-f1d622e25685%22:%91%22header_text_color%22,%22body_text_color%22,%22header_text_color%22%93}\u00bb theme_builder_area=\u00bbpost_content\u00bb]<\/p>\n<p>Recibir\u00e1s una propuesta con costos y plazos claros<\/p>\n<p>[\/et_pb_blurb][\/et_pb_column][et_pb_column type=\u00bb1_2&#8243; _builder_version=\u00bb4.23.1&#8243; _module_preset=\u00bbdefault\u00bb custom_css_main_element=\u00bbmargin: auto;\u00bb global_colors_info=\u00bb{}\u00bb theme_builder_area=\u00bbpost_content\u00bb][et_pb_code _builder_version=\u00bb4.27.4&#8243; _module_preset=\u00bbdefault\u00bb global_colors_info=\u00bb{}\u00bb theme_builder_area=\u00bbpost_content\u00bb]<iframe data-tally-src=\"https:\/\/tally.so\/embed\/w5y1RQ?alignLeft=1&#038;hideTitle=1&#038;transparentBackground=1&#038;dynamicHeight=1\" loading=\"lazy\" width=\"100%\" height=\"463\" frameborder=\"0\" marginheight=\"0\" marginwidth=\"0\" title=\"Institucional v2\"><\/iframe><!-- [et_pb_line_break_holder] --><script>var d=document,w=\"https:\/\/tally.so\/widgets\/embed.js\",v=function(){\"undefined\"!=typeof Tally?Tally.loadEmbeds():d.querySelectorAll(\"iframe[data-tally-src]:not([src])\").forEach((function(e){e.src=e.dataset.tallySrc}))};if(\"undefined\"!=typeof Tally)v();else if(d.querySelector('script[src=\"'+w+'\"]')==null){var s=d.createElement(\"script\");s.src=w,s.onload=v,s.onerror=v,d.body.appendChild(s);}<\/script>[\/et_pb_code][\/et_pb_column][\/et_pb_row][\/et_pb_section]<\/p>\n","protected":false},"excerpt":{"rendered":"<p>MALBA Museo de Arte Latinoamericano de Buenos AiresUbicaci\u00f3n Av. Pres. Figueroa Alcorta 3415, Ciudad Aut\u00f3noma de Buenos Aires, Argentina &nbsp; Sector Sin fines de lucro &nbsp; Audiencia B2C B2B &nbsp; Servicios Administraci\u00f3n web Anal\u00edtica Web\/Big data Aplicaci\u00f3n Web Ciber seguridadConsultoria Cloud Creaci\u00f3n de Sitios Web Desarrollo de Software SEOUsabilidad (UX\/UI) &nbsp; Fecha nov 2024 &#8211; [&hellip;]<\/p>\n","protected":false},"author":1,"featured_media":0,"parent":241209,"menu_order":0,"comment_status":"closed","ping_status":"closed","template":"","meta":{"_et_pb_use_builder":"on","_et_pb_old_content":"","_et_gb_content_width":"","_joinchat":[],"footnotes":""},"class_list":["post-243016","page","type-page","status-publish","hentry"],"_links":{"self":[{"href":"https:\/\/grupovansur.com\/en\/wp-json\/wp\/v2\/pages\/243016","targetHints":{"allow":["GET"]}}],"collection":[{"href":"https:\/\/grupovansur.com\/en\/wp-json\/wp\/v2\/pages"}],"about":[{"href":"https:\/\/grupovansur.com\/en\/wp-json\/wp\/v2\/types\/page"}],"author":[{"embeddable":true,"href":"https:\/\/grupovansur.com\/en\/wp-json\/wp\/v2\/users\/1"}],"replies":[{"embeddable":true,"href":"https:\/\/grupovansur.com\/en\/wp-json\/wp\/v2\/comments?post=243016"}],"version-history":[{"count":20,"href":"https:\/\/grupovansur.com\/en\/wp-json\/wp\/v2\/pages\/243016\/revisions"}],"predecessor-version":[{"id":243409,"href":"https:\/\/grupovansur.com\/en\/wp-json\/wp\/v2\/pages\/243016\/revisions\/243409"}],"up":[{"embeddable":true,"href":"https:\/\/grupovansur.com\/en\/wp-json\/wp\/v2\/pages\/241209"}],"wp:attachment":[{"href":"https:\/\/grupovansur.com\/en\/wp-json\/wp\/v2\/media?parent=243016"}],"curies":[{"name":"wp","href":"https:\/\/api.w.org\/{rel}","templated":true}]}}