{"id":243423,"date":"2026-03-21T09:40:33","date_gmt":"2026-03-21T12:40:33","guid":{"rendered":"https:\/\/grupovansur.com\/?page_id=243423"},"modified":"2026-03-21T09:44:30","modified_gmt":"2026-03-21T12:44:30","slug":"arte-unico-fernet-branca","status":"publish","type":"page","link":"https:\/\/grupovansur.com\/en\/proyectos\/arte-unico-fernet-branca\/","title":{"rendered":"17\u00b0 Edici\u00f3n de Arte \u00danico | Fernet Branca"},"content":{"rendered":"\n[et_pb_section fb_built=\u00bb1&#8243; _builder_version=\u00bb4.27.4&#8243; _module_preset=\u00bbdefault\u00bb custom_margin=\u00bb75px||||false|false\u00bb custom_padding=\u00bb||||false|false\u00bb global_colors_info=\u00bb{}\u00bb theme_builder_area=\u00bbpost_content\u00bb][et_pb_row column_structure=\u00bb2_3,1_3&#8243; use_custom_gutter=\u00bbon\u00bb gutter_width=\u00bb2&#8243; make_equal=\u00bbon\u00bb custom_padding_last_edited=\u00bbon|phone\u00bb _builder_version=\u00bb4.27.5&#8243; _module_preset=\u00bbdefault\u00bb width=\u00bb95%\u00bb width_tablet=\u00bb\u00bb width_phone=\u00bb90%\u00bb width_last_edited=\u00bbon|phone\u00bb max_width=\u00bb1550px\u00bb min_height=\u00bb90vh\u00bb min_height_tablet=\u00bb500px\u00bb min_height_last_edited=\u00bboff|desktop\u00bb height_last_edited=\u00bboff|phone\u00bb max_height_last_edited=\u00bboff|phone\u00bb custom_padding_tablet=\u00bb\u00bb custom_padding_phone=\u00bb||0px||false|false\u00bb hover_enabled=\u00bb0&#8243; saved_tabs=\u00bball\u00bb global_colors_info=\u00bb{}\u00bb theme_builder_area=\u00bbpost_content\u00bb sticky_enabled=\u00bb0&#8243;][et_pb_column type=\u00bb2_3&#8243; _builder_version=\u00bb4.27.5&#8243; _module_preset=\u00bbdefault\u00bb background_enable_color=\u00bboff\u00bb custom_padding=\u00bb25px|25px|25px|25px|true|true\u00bb custom_padding_tablet=\u00bb25px|25px|25px|25px|true|true\u00bb custom_padding_phone=\u00bb350px|25px|25px|25px|false|true\u00bb custom_padding_last_edited=\u00bbon|phone\u00bb animation_direction=\u00bbbottom\u00bb link_option_url=\u00bbhttps:\/\/arteunico.com.ar\/\u00bb link_option_url_new_window=\u00bbon\u00bb hover_enabled=\u00bb0&#8243; background_size_phone=\u00bbcover\u00bb background_position_phone=\u00bbcenter\u00bb custom_css_main_element=\u00bbdisplay: flex;||align-items: flex-end;\u00bb border_radii=\u00bbon|20px|20px|20px|20px\u00bb border_width_all=\u00bb1px\u00bb border_color_all=\u00bb#eaeaea\u00bb global_colors_info=\u00bb{}\u00bb transform_styles__hover_enabled=\u00bboff|desktop\u00bb box_shadow_color__hover_enabled=\u00bboff|desktop\u00bb box_shadow_color__hover=\u00bbrgba(255,255,255,0.2)\u00bb box_shadow_vertical__hover_enabled=\u00bboff|desktop\u00bb box_shadow_vertical__hover=\u00bb-250px\u00bb filter_brightness__hover_enabled=\u00bboff|desktop\u00bb filter_brightness__hover=\u00bb90%\u00bb transform_scale__hover=\u00bb101%|101%\u00bb transform_scale__hover_enabled=\u00bboff|desktop\u00bb transform_translate__hover_enabled=\u00bboff|desktop\u00bb transform_rotate__hover_enabled=\u00bboff|desktop\u00bb transform_skew__hover_enabled=\u00bboff|desktop\u00bb transform_origin__hover_enabled=\u00bboff|desktop\u00bb theme_builder_area=\u00bbpost_content\u00bb background_enable_video_mp4=\u00bboff\u00bb title_text=\u00bbProyectos-19-min\u00bb background_image=\u00bbhttps:\/\/grupovansur.com\/wp-content\/uploads\/2024\/10\/Proyectos-19-min.jpg\u00bb sticky_enabled=\u00bb0&#8243;][\/et_pb_column][et_pb_column type=\u00bb1_3&#8243; _builder_version=\u00bb4.27.5&#8243; _module_preset=\u00bbdefault\u00bb background_enable_image=\u00bboff\u00bb background_position=\u00bbtop_left\u00bb custom_padding=\u00bb40px|40px|40px|40px|true|true\u00bb custom_padding_tablet=\u00bb25px|25px|25px|25px|true|true\u00bb custom_padding_phone=\u00bb25px|25px|25px|25px|false|true\u00bb custom_padding_last_edited=\u00bbon|phone\u00bb animation_direction=\u00bbbottom\u00bb link_option_url_new_window=\u00bbon\u00bb border_radii=\u00bbon|20px|20px|20px|20px\u00bb border_width_all=\u00bb1px\u00bb border_color_all=\u00bb#eaeaea\u00bb global_colors_info=\u00bb{}\u00bb transform_styles__hover_enabled=\u00bboff|desktop\u00bb custom_css_main_element__hover_enabled=\u00bboff|desktop\u00bb custom_css_main_element__hover=\u00bbopacity:100;\u00bb filter_brightness__hover_enabled=\u00bboff|desktop\u00bb filter_brightness__hover=\u00bb90%\u00bb transform_scale__hover=\u00bb101%|101%\u00bb transform_scale__hover_enabled=\u00bboff|desktop\u00bb transform_translate__hover_enabled=\u00bboff|desktop\u00bb transform_rotate__hover_enabled=\u00bboff|desktop\u00bb transform_skew__hover_enabled=\u00bboff|desktop\u00bb transform_origin__hover_enabled=\u00bboff|desktop\u00bb theme_builder_area=\u00bbpost_content\u00bb][et_pb_text admin_label=\u00bb\u00daltimos proyectos\u00bb _builder_version=\u00bb4.27.5&#8243; text_font=\u00bbMontserrat||||||||\u00bb text_text_color=\u00bbgcid-c389bf42-7860-4a0d-bc00-f1d622e25685&#8243; text_font_size=\u00bb16px\u00bb text_line_height=\u00bb1.4em\u00bb header_font=\u00bbMonument Extended Regular|300|||||||\u00bb header_line_height=\u00bb1.2em\u00bb header_4_font=\u00bbMontserrat|||on|||||\u00bb header_4_font_size=\u00bb10px\u00bb header_4_letter_spacing=\u00bb1px\u00bb header_4_line_height=\u00bb1.4em\u00bb custom_margin=\u00bb||50px||false|false\u00bb hover_enabled=\u00bb0&#8243; header_font_size_tablet=\u00bb\u00bb header_font_size_phone=\u00bb30px\u00bb header_font_size_last_edited=\u00bbon|phone\u00bb global_colors_info=\u00bb{%22gcid-c389bf42-7860-4a0d-bc00-f1d622e25685%22:%91%22text_text_color%22%93}\u00bb theme_builder_area=\u00bbpost_content\u00bb sticky_enabled=\u00bb0&#8243;]<h1>Arte \u00danico<\/h1>\n17\u00b0 Edici\u00f3n de Arte \u00danico[\/et_pb_text][et_pb_text admin_label=\u00bb\u00daltimos proyectos\u00bb _builder_version=\u00bb4.27.5&#8243; text_font=\u00bbMontserrat||||||||\u00bb text_text_color=\u00bbgcid-c389bf42-7860-4a0d-bc00-f1d622e25685&#8243; text_line_height=\u00bb1.4em\u00bb header_font=\u00bbMonument Extended Regular|300|||||||\u00bb header_line_height=\u00bb1.2em\u00bb header_2_font_size=\u00bb16px\u00bb header_3_font=\u00bbMontserrat|||on|||||\u00bb header_3_font_size=\u00bb10px\u00bb header_3_letter_spacing=\u00bb1px\u00bb header_3_line_height=\u00bb1.4em\u00bb header_4_font=\u00bbMontserrat|||on|||||\u00bb header_4_font_size=\u00bb10px\u00bb header_4_letter_spacing=\u00bb1px\u00bb header_4_line_height=\u00bb1.4em\u00bb hover_enabled=\u00bb0&#8243; header_font_size_tablet=\u00bb\u00bb header_font_size_phone=\u00bb30px\u00bb header_font_size_last_edited=\u00bbon|phone\u00bb custom_css_free_form=\u00bb.tag2 {||    line-height: 3em;||}\u00bb global_colors_info=\u00bb{%22gcid-c389bf42-7860-4a0d-bc00-f1d622e25685%22:%91%22text_text_color%22,%22text_text_color%22,%22text_text_color%22,%22text_text_color%22%93}\u00bb theme_builder_area=\u00bbpost_content\u00bb sticky_enabled=\u00bb0&#8243;]<h2>Ubicaci\u00f3n<\/h2>\nCosta Rica 4451, Tortuguitas, Provincia de Buenos Aires, Argentina\n&nbsp;\n<h2>Sector<\/h2>\nBebidas<h2>Audiencia<\/h2>\n<h3><mark class=\"tag2\">B2C<\/mark><\/h3>\n&nbsp;\n<h2>Servicios<\/h2>\n<h3><mark class=\"tag2\">Administraci\u00f3n web<\/mark> <mark class=\"tag2\">Anal\u00edtica Web\/Big data<\/mark> <mark class=\"tag2\">Aplicaci\u00f3n Web<\/mark> <mark class=\"tag2\">Ciber seguridad<\/mark><mark class=\"tag2\">Consultoria Cloud<\/mark> <mark class=\"tag2\">Creaci\u00f3n de Sitios Web<\/mark> <mark class=\"tag2\">Desarrollo de Software<\/mark> <mark class=\"tag2\">SEO<\/mark><mark class=\"tag2\">Usabilidad (UX\/UI)<\/mark><\/h3>\n&nbsp;\n<h2>Fecha<\/h2>\nsep 2024 &#8211; oct 2024[\/et_pb_text][et_pb_button button_url=\u00bbhttps:\/\/arteunico.com.ar\/\u00bb url_new_window=\u00bbon\u00bb button_text=\u00bbIr al sitio web\u00bb button_alignment=\u00bbcenter\u00bb disabled_on=\u00bbon|on|off\u00bb admin_label=\u00bbQuiero una asesor\u00eda gratuita\u00bb _builder_version=\u00bb4.27.5&#8243; custom_button=\u00bbon\u00bb button_text_size=\u00bb13px\u00bb button_text_color=\u00bb#262626&#8243; button_bg_color=\u00bbRGBA(255,255,255,0)\u00bb button_border_width=\u00bb1px\u00bb button_border_color=\u00bb#ffc127&#8243; button_border_radius=\u00bb100px\u00bb button_letter_spacing=\u00bb1px\u00bb button_use_icon=\u00bboff\u00bb custom_margin=\u00bb||||false|false\u00bb custom_padding=\u00bb15px|30px|15px|30px|true|true\u00bb hover_enabled=\u00bb0&#8243; custom_css_main_element=\u00bbwidth: 100%;\u00bb box_shadow_style=\u00bbpreset5&#8243; box_shadow_vertical=\u00bb0px\u00bb box_shadow_spread=\u00bb5px\u00bb box_shadow_color=\u00bbrgba(0,0,0,0.02)\u00bb global_colors_info=\u00bb{%22gcid-20917a99-e29b-4378-92ee-494801b875c4%22:%91%22button_bg_color__hover%22%93}\u00bb button_bg_color__hover_enabled=\u00bbon|desktop\u00bb button_bg_color__hover=\u00bb#ffc127&#8243; button_bg_enable_color__hover=\u00bbon\u00bb button_border_color__hover_enabled=\u00bbon|desktop\u00bb button_border_color__hover=\u00bb#ffc127&#8243; button_text_color__hover_enabled=\u00bbon|hover\u00bb button_text_color__hover=\u00bb#262626&#8243; box_shadow_spread__hover_enabled=\u00bbon|hover\u00bb box_shadow_spread__hover=\u00bb0px\u00bb theme_builder_area=\u00bbpost_content\u00bb sticky_enabled=\u00bb0&#8243;][\/et_pb_button][\/et_pb_column][\/et_pb_row][\/et_pb_section][et_pb_section fb_built=\u00bb1&#8243; _builder_version=\u00bb4.27.4&#8243; _module_preset=\u00bbdefault\u00bb global_colors_info=\u00bb{}\u00bb theme_builder_area=\u00bbpost_content\u00bb][et_pb_row make_equal=\u00bbon\u00bb custom_padding_last_edited=\u00bbon|phone\u00bb disabled_on=\u00bboff|off|off\u00bb _builder_version=\u00bb4.27.5&#8243; _module_preset=\u00bbdefault\u00bb width=\u00bb45%\u00bb width_tablet=\u00bb90%\u00bb width_phone=\u00bb90%\u00bb width_last_edited=\u00bbon|phone\u00bb max_width_tablet=\u00bb90%\u00bb max_width_phone=\u00bb90%\u00bb max_width_last_edited=\u00bbon|desktop\u00bb module_alignment=\u00bbcenter\u00bb custom_padding_tablet=\u00bb\u00bb custom_padding_phone=\u00bb0px|10px||10px|false|true\u00bb global_colors_info=\u00bb{}\u00bb theme_builder_area=\u00bbpost_content\u00bb][et_pb_column type=\u00bb4_4&#8243; _builder_version=\u00bb4.23.1&#8243; _module_preset=\u00bbdefault\u00bb global_colors_info=\u00bb{}\u00bb theme_builder_area=\u00bbpost_content\u00bb][et_pb_text quote_border_color=\u00bb#ffc127&#8243; _builder_version=\u00bb4.27.5&#8243; _module_preset=\u00bbdefault\u00bb text_font=\u00bbArchivo|300|||||||\u00bb text_font_size=\u00bb18px\u00bb text_line_height=\u00bb1.6em\u00bb link_font=\u00bb||||||||\u00bb link_text_color=\u00bb#262626&#8243; header_font=\u00bbMontserrat|700|||||||\u00bb header_font_size=\u00bb34px\u00bb header_line_height=\u00bb1.2em\u00bb header_2_font=\u00bbMontserrat|700|||||||\u00bb header_2_font_size=\u00bb30px\u00bb header_2_line_height=\u00bb1.2em\u00bb header_3_font=\u00bbMontserrat|700|||||||\u00bb header_3_font_size=\u00bb25px\u00bb header_3_line_height=\u00bb1.2em\u00bb header_4_font=\u00bbMontserrat|700|||||||\u00bb header_4_font_size=\u00bb34px\u00bb header_4_line_height=\u00bb1.2em\u00bb header_5_font=\u00bbMontserrat|700|||||||\u00bb header_5_font_size=\u00bb34px\u00bb header_5_line_height=\u00bb1.2em\u00bb header_6_font=\u00bbMontserrat|||on|||||\u00bb header_6_font_size=\u00bb34px\u00bb header_6_letter_spacing=\u00bb1px\u00bb header_6_line_height=\u00bb1.4em\u00bb hover_enabled=\u00bb0&#8243; header_2_font_size_tablet=\u00bb30px\u00bb header_2_font_size_phone=\u00bb25px\u00bb header_2_font_size_last_edited=\u00bbon|phone\u00bb header_2_line_height_tablet=\u00bb1.2em\u00bb header_2_line_height_phone=\u00bb1.2em\u00bb header_2_line_height_last_edited=\u00bbon|phone\u00bb global_colors_info=\u00bb{}\u00bb header_2_2_line_height_phone=\u00bb1.2em\u00bb header_3_2_line_height_phone=\u00bb1.2em\u00bb header_4_2_line_height_phone=\u00bb1.2em\u00bb header_5_2_line_height_phone=\u00bb1.2em\u00bb header_6_2_line_height_phone=\u00bb1.2em\u00bb header_2_2_line_height_last_edited=\u00bbon|phone\u00bb header_3_2_line_height_last_edited=\u00bbon|phone\u00bb header_4_2_line_height_last_edited=\u00bbon|phone\u00bb header_5_2_line_height_last_edited=\u00bbon|phone\u00bb header_6_2_line_height_last_edited=\u00bbon|phone\u00bb header_2_2_line_height_tablet=\u00bb1.2em\u00bb header_3_2_line_height_tablet=\u00bb1.2em\u00bb header_4_2_line_height_tablet=\u00bb1.2em\u00bb header_5_2_line_height_tablet=\u00bb1.2em\u00bb header_6_2_line_height_tablet=\u00bb1.2em\u00bb theme_builder_area=\u00bbpost_content\u00bb sticky_enabled=\u00bb0&#8243;]<h2>Descripci\u00f3n<\/h2>\n<p>Desarrollamos la plataforma web integral para \u00abArte \u00danico\u00bb, el prestigioso concurso de arte de Fernet Branca. El proyecto abarc\u00f3 desde la web p\u00fablica del concurso hasta una aplicaci\u00f3n web especializada para la carga y gesti\u00f3n de miles de obras de artistas de toda Latinoam\u00e9rica, garantizando una experiencia fluida tanto para los participantes como para el jurado.<\/p>\n<h2>Desaf\u00edo<\/h2>\n<p>El cliente, necesitaba reemplazar su sistema anterior, el cual colapsaba durante los momentos de mayor tr\u00e1fico, especialmente cerca de las fechas de cierre. Los principales retos eran:<\/p>\n<ul>\n<li><strong>Estabilidad y Escalabilidad:<\/strong><span>\u00a0<\/span>Soportar los picos de subida de obras sin ca\u00eddas del sistema, gestionando un alto volumen de tr\u00e1fico y datos simult\u00e1neamente.<\/li>\n<li><strong>Gesti\u00f3n de Datos:<\/strong><span>\u00a0<\/span>Administrar eficientemente miles de obras en diversos formatos (gr\u00e1ficas, digitales y video) enviadas por artistas de m\u00faltiples pa\u00edses.<\/li>\n<li><strong>Experiencia del Jurado:<\/strong><span>\u00a0<\/span>Agilizar y optimizar el proceso de calificaci\u00f3n de las obras para que el jurado pudiera trabajar de manera m\u00e1s r\u00e1pida y efectiva.<\/li>\n<li><strong>Integridad del Concurso:<\/strong><span>\u00a0<\/span>Implementar un sistema de filtrado para reconocer y descartar spam o participaciones no v\u00e1lidas.<\/li>\n<\/ul>\n<h2>Soluci\u00f3n<\/h2>\n<p>Realizamos un redesarrollo completo de la plataforma, enfoc\u00e1ndonos en la robustez y la eficiencia.<\/p>\n<ul>\n<li><strong>Infraestructura Robusta:<\/strong><span>\u00a0<\/span>Se dise\u00f1\u00f3 y despleg\u00f3 una arquitectura escalable sobre AWS y Vercel, espec\u00edficamente preparada para soportar picos de alta demanda y garantizar la disponibilidad constante del servicio.<\/li>\n<li><strong>Plataforma Centralizada:<\/strong><span>\u00a0<\/span>Creamos una web principal con geolocalizaci\u00f3n para adaptar los t\u00e9rminos, condiciones y premios a cada pa\u00eds participante. A su vez, desarrollamos una web app a medida que simplific\u00f3 el proceso de carga de obras para los artistas y la posterior calificaci\u00f3n para el jurado.<\/li>\n<li><strong>Optimizaci\u00f3n del Proceso de Jurado:<\/strong><span>\u00a0<\/span>La nueva interfaz para el jurado mejor\u00f3 dr\u00e1sticamente la velocidad de evaluaci\u00f3n, permiti\u00e9ndoles visualizar y calificar las obras de forma intuitiva y sin demoras.<\/li>\n<li><strong>Filtro de Spam:<\/strong><span>\u00a0<\/span>Integramos un sistema de reconocimiento y filtrado autom\u00e1tico de spam para asegurar que solo las obras v\u00e1lidas fueran consideradas en el concurso.<\/li>\n<\/ul>\n<h2>Impacto<\/h2>\n<p>El proyecto fue un \u00e9xito rotundo, con resultados que no solo solucionaron los problemas t\u00e9cnicos sino que impulsaron el crecimiento del concurso a niveles r\u00e9cord.<\/p>\n<ul>\n<li><strong>Crecimiento Exponencial:<\/strong><span>\u00a0<\/span>La nueva plataforma fue clave para alcanzar un aumento en la participaci\u00f3n del 25% en 2023 y un hist\u00f3rico 42% en 2024 con respecto a a\u00f1os anteriores.<\/li>\n<li><strong>Fiabilidad Total:<\/strong><span>\u00a0<\/span>Garantizamos un 100% de uptime durante todo el evento, eliminando por completo las ca\u00eddas y problemas de rendimiento que afectaban a ediciones pasadas.<\/li>\n<li><strong>Eficiencia Mejorada:<\/strong><span>\u00a0<\/span>El proceso de calificaci\u00f3n del jurado se volvi\u00f3 significativamente m\u00e1s r\u00e1pido y fluido, optimizando los tiempos operativos del concurso.<\/li>\n<\/ul>[\/et_pb_text][\/et_pb_column][\/et_pb_row][\/et_pb_section][et_pb_section fb_built=\u00bb1&#8243; custom_padding_last_edited=\u00bboff|phone\u00bb module_id=\u00bbcontacto\u00bb _builder_version=\u00bb4.23.1&#8243; _module_preset=\u00bbdefault\u00bb background_enable_color=\u00bboff\u00bb use_background_color_gradient=\u00bbon\u00bb background_color_gradient_direction=\u00bb45deg\u00bb background_color_gradient_stops=\u00bbrgba(255,255,255,0) 0%|#ffffff 60%\u00bb background_image=\u00bbhttps:\/\/grupovansur.com\/wp-content\/uploads\/2023\/12\/Mapa-GV-01.svg\u00bb background_size=\u00bbcontain\u00bb background_position=\u00bbtop_center\u00bb background_blend=\u00bbscreen\u00bb custom_padding_tablet=\u00bb200px||200px||true|false\u00bb global_module=\u00bb243407&#8243; global_colors_info=\u00bb{}\u00bb theme_builder_area=\u00bbpost_content\u00bb][et_pb_row column_structure=\u00bb1_2,1_2&#8243; make_equal=\u00bbon\u00bb _builder_version=\u00bb4.23.1&#8243; _module_preset=\u00bbdefault\u00bb width_tablet=\u00bb\u00bb width_phone=\u00bb90%\u00bb width_last_edited=\u00bbon|phone\u00bb max_width=\u00bb1280px\u00bb global_colors_info=\u00bb{}\u00bb theme_builder_area=\u00bbpost_content\u00bb][et_pb_column type=\u00bb1_2&#8243; _builder_version=\u00bb4.23.1&#8243; _module_preset=\u00bbdefault\u00bb global_colors_info=\u00bb{}\u00bb theme_builder_area=\u00bbpost_content\u00bb][et_pb_text _builder_version=\u00bb4.27.5&#8243; _module_preset=\u00bbdefault\u00bb text_font=\u00bbMonument Extended Regular||||||||\u00bb text_text_color=\u00bbgcid-b498170c-af0c-48d5-aae1-d533fa43cbc9&#8243; text_font_size=\u00bb40px\u00bb text_line_height=\u00bb1.2em\u00bb header_2_font=\u00bbMonument Extended Regular|300|||||||\u00bb header_2_font_size=\u00bb40px\u00bb header_2_line_height=\u00bb1.2em\u00bb custom_margin=\u00bb||10px||false|false\u00bb custom_padding=\u00bb||||false|false\u00bb text_font_size_tablet=\u00bb40px\u00bb text_font_size_phone=\u00bb28px\u00bb text_font_size_last_edited=\u00bbon|desktop\u00bb header_2_font_size_tablet=\u00bb40px\u00bb header_2_font_size_phone=\u00bb28px\u00bb header_2_font_size_last_edited=\u00bbon|desktop\u00bb global_colors_info=\u00bb{%22gcid-b498170c-af0c-48d5-aae1-d533fa43cbc9%22:%91%22text_text_color%22%93}\u00bb theme_builder_area=\u00bbpost_content\u00bb]Hablemos[\/et_pb_text][et_pb_text _builder_version=\u00bb4.27.5&#8243; _module_preset=\u00bbdefault\u00bb text_font=\u00bbMontserrat||||||||\u00bb text_text_color=\u00bbgcid-c389bf42-7860-4a0d-bc00-f1d622e25685&#8243; text_font_size=\u00bb16px\u00bb text_line_height=\u00bb1.4em\u00bb header_2_font=\u00bbMonument Extended Regular|300|||||||\u00bb header_2_font_size=\u00bb40px\u00bb header_2_line_height=\u00bb1.2em\u00bb header_2_font_size_tablet=\u00bb40px\u00bb header_2_font_size_phone=\u00bb28px\u00bb header_2_font_size_last_edited=\u00bbon|phone\u00bb global_colors_info=\u00bb{%22gcid-c389bf42-7860-4a0d-bc00-f1d622e25685%22:%91%22text_text_color%22%93}\u00bb theme_builder_area=\u00bbpost_content\u00bb]<p>Cu\u00e9ntanos acerca de tu proyecto<\/p>[\/et_pb_text][et_pb_blurb image=\u00bbhttps:\/\/grupovansur.com\/wp-content\/uploads\/2024\/02\/Icon1-01.svg\u00bb icon_placement=\u00bbleft\u00bb content_max_width=\u00bb100%\u00bb _builder_version=\u00bb4.27.5&#8243; _module_preset=\u00bbdefault\u00bb header_level=\u00bbh3&#8243; header_font=\u00bbMontserrat|500|||||||\u00bb header_text_color=\u00bbgcid-c389bf42-7860-4a0d-bc00-f1d622e25685&#8243; header_font_size=\u00bb15px\u00bb header_line_height=\u00bb2em\u00bb body_font=\u00bbMontserrat|500|||||||\u00bb body_text_color=\u00bbgcid-c389bf42-7860-4a0d-bc00-f1d622e25685&#8243; body_font_size=\u00bb15px\u00bb body_line_height=\u00bb2em\u00bb custom_margin=\u00bb||15px||false|false\u00bb animation=\u00bboff\u00bb global_colors_info=\u00bb{%22gcid-c389bf42-7860-4a0d-bc00-f1d622e25685%22:%91%22header_text_color%22,%22body_text_color%22%93}\u00bb theme_builder_area=\u00bbpost_content\u00bb]<p>Programa una reuni\u00f3n con nuestro departamento comercial<\/p>[\/et_pb_blurb][et_pb_blurb image=\u00bbhttps:\/\/grupovansur.com\/wp-content\/uploads\/2024\/02\/Icon2-01.svg\u00bb icon_placement=\u00bbleft\u00bb content_max_width=\u00bb100%\u00bb _builder_version=\u00bb4.27.5&#8243; _module_preset=\u00bbdefault\u00bb header_level=\u00bbh3&#8243; header_font=\u00bbMontserrat|500|||||||\u00bb header_text_color=\u00bbgcid-c389bf42-7860-4a0d-bc00-f1d622e25685&#8243; header_font_size=\u00bb15px\u00bb header_line_height=\u00bb2em\u00bb body_font=\u00bbMontserrat|500|||||||\u00bb body_text_color=\u00bbgcid-c389bf42-7860-4a0d-bc00-f1d622e25685&#8243; body_font_size=\u00bb15px\u00bb body_line_height=\u00bb2em\u00bb custom_margin=\u00bb||15px||false|false\u00bb animation=\u00bboff\u00bb global_colors_info=\u00bb{%22gcid-c389bf42-7860-4a0d-bc00-f1d622e25685%22:%91%22header_text_color%22,%22body_text_color%22,%22header_text_color%22%93}\u00bb theme_builder_area=\u00bbpost_content\u00bb]<p>Recopilamos todos tus requisitos para estimar mejor tu proyecto<\/p>[\/et_pb_blurb][et_pb_blurb image=\u00bbhttps:\/\/grupovansur.com\/wp-content\/uploads\/2024\/02\/Icon3-01.svg\u00bb icon_placement=\u00bbleft\u00bb content_max_width=\u00bb100%\u00bb _builder_version=\u00bb4.27.5&#8243; _module_preset=\u00bbdefault\u00bb header_level=\u00bbh3&#8243; header_font=\u00bbMontserrat|500|||||||\u00bb header_text_color=\u00bbgcid-c389bf42-7860-4a0d-bc00-f1d622e25685&#8243; header_font_size=\u00bb15px\u00bb header_line_height=\u00bb2em\u00bb body_font=\u00bbMontserrat|500|||||||\u00bb body_text_color=\u00bbgcid-c389bf42-7860-4a0d-bc00-f1d622e25685&#8243; body_font_size=\u00bb15px\u00bb body_line_height=\u00bb2em\u00bb custom_margin=\u00bb||15px||false|false\u00bb animation=\u00bboff\u00bb global_colors_info=\u00bb{%22gcid-c389bf42-7860-4a0d-bc00-f1d622e25685%22:%91%22header_text_color%22,%22body_text_color%22,%22header_text_color%22%93}\u00bb theme_builder_area=\u00bbpost_content\u00bb]<p>Recibir\u00e1s una propuesta con costos y plazos claros<\/p>[\/et_pb_blurb][\/et_pb_column][et_pb_column type=\u00bb1_2&#8243; _builder_version=\u00bb4.23.1&#8243; _module_preset=\u00bbdefault\u00bb custom_css_main_element=\u00bbmargin: auto;\u00bb global_colors_info=\u00bb{}\u00bb theme_builder_area=\u00bbpost_content\u00bb][et_pb_code _builder_version=\u00bb4.27.4&#8243; _module_preset=\u00bbdefault\u00bb global_colors_info=\u00bb{}\u00bb theme_builder_area=\u00bbpost_content\u00bb]<iframe data-tally-src=\"https:\/\/tally.so\/embed\/w5y1RQ?alignLeft=1&#038;hideTitle=1&#038;transparentBackground=1&#038;dynamicHeight=1\" loading=\"lazy\" width=\"100%\" height=\"463\" frameborder=\"0\" marginheight=\"0\" marginwidth=\"0\" title=\"Institucional v2\"><\/iframe><!-- [et_pb_line_break_holder] --><script>var d=document,w=\"https:\/\/tally.so\/widgets\/embed.js\",v=function(){\"undefined\"!=typeof Tally?Tally.loadEmbeds():d.querySelectorAll(\"iframe[data-tally-src]:not([src])\").forEach((function(e){e.src=e.dataset.tallySrc}))};if(\"undefined\"!=typeof Tally)v();else if(d.querySelector('script[src=\"'+w+'\"]')==null){var s=d.createElement(\"script\");s.src=w,s.onload=v,s.onerror=v,d.body.appendChild(s);}<\/script>[\/et_pb_code][\/et_pb_column][\/et_pb_row][\/et_pb_section]\n","protected":false},"excerpt":{"rendered":"<p>Arte \u00danico 17\u00b0 Edici\u00f3n de Arte \u00danicoUbicaci\u00f3n Costa Rica 4451, Tortuguitas, Provincia de Buenos Aires, Argentina &nbsp; Sector BebidasAudiencia B2C &nbsp; Servicios Administraci\u00f3n web Anal\u00edtica Web\/Big data Aplicaci\u00f3n Web Ciber seguridadConsultoria Cloud Creaci\u00f3n de Sitios Web Desarrollo de Software SEOUsabilidad (UX\/UI) &nbsp; Fecha sep 2024 &#8211; oct 2024Descripci\u00f3n Desarrollamos la plataforma web integral para \u00abArte [&hellip;]<\/p>\n","protected":false},"author":1,"featured_media":242377,"parent":241209,"menu_order":0,"comment_status":"closed","ping_status":"closed","template":"","meta":{"_et_pb_use_builder":"on","_et_pb_old_content":"","_et_gb_content_width":"","_joinchat":[],"footnotes":""},"class_list":["post-243423","page","type-page","status-publish","has-post-thumbnail","hentry"],"_links":{"self":[{"href":"https:\/\/grupovansur.com\/en\/wp-json\/wp\/v2\/pages\/243423","targetHints":{"allow":["GET"]}}],"collection":[{"href":"https:\/\/grupovansur.com\/en\/wp-json\/wp\/v2\/pages"}],"about":[{"href":"https:\/\/grupovansur.com\/en\/wp-json\/wp\/v2\/types\/page"}],"author":[{"embeddable":true,"href":"https:\/\/grupovansur.com\/en\/wp-json\/wp\/v2\/users\/1"}],"replies":[{"embeddable":true,"href":"https:\/\/grupovansur.com\/en\/wp-json\/wp\/v2\/comments?post=243423"}],"version-history":[{"count":3,"href":"https:\/\/grupovansur.com\/en\/wp-json\/wp\/v2\/pages\/243423\/revisions"}],"predecessor-version":[{"id":243428,"href":"https:\/\/grupovansur.com\/en\/wp-json\/wp\/v2\/pages\/243423\/revisions\/243428"}],"up":[{"embeddable":true,"href":"https:\/\/grupovansur.com\/en\/wp-json\/wp\/v2\/pages\/241209"}],"wp:featuredmedia":[{"embeddable":true,"href":"https:\/\/grupovansur.com\/en\/wp-json\/wp\/v2\/media\/242377"}],"wp:attachment":[{"href":"https:\/\/grupovansur.com\/en\/wp-json\/wp\/v2\/media?parent=243423"}],"curies":[{"name":"wp","href":"https:\/\/api.w.org\/{rel}","templated":true}]}}