{"id":5895,"date":"2020-05-17T21:58:04","date_gmt":"2020-05-17T21:58:04","guid":{"rendered":"https:\/\/grupovansur.com\/?page_id=5895"},"modified":"2025-08-23T20:01:51","modified_gmt":"2025-08-23T23:01:51","slug":"aviso-legal","status":"publish","type":"page","link":"https:\/\/grupovansur.com\/en\/aviso-legal\/","title":{"rendered":"Legal notice"},"content":{"rendered":"<p>[et_pb_section fb_built=\u00bb1&#8243; _builder_version=\u00bb4.16&#8243; global_colors_info=\u00bb{}\u00bb theme_builder_area=\u00bbpost_content\u00bb][et_pb_row column_structure=\u00bb1_2,1_2&#8243; make_equal=\u00bbon\u00bb admin_label=\u00bbContenedor\u00bb _builder_version=\u00bb4.23.1&#8243; width_tablet=\u00bb\u00bb width_phone=\u00bb90%\u00bb width_last_edited=\u00bbon|phone\u00bb max_width=\u00bb1280px\u00bb global_colors_info=\u00bb{}\u00bb theme_builder_area=\u00bbpost_content\u00bb][et_pb_column type=\u00bb1_2&#8243; _builder_version=\u00bb4.16&#8243; global_colors_info=\u00bb{}\u00bb theme_builder_area=\u00bbpost_content\u00bb][et_pb_text admin_label=\u00bb\u00daltimos proyectos\u00bb _builder_version=\u00bb4.27.4&#8243; hover_enabled=\u00bb0&#8243; global_colors_info=\u00bb{%22gcid-c389bf42-7860-4a0d-bc00-f1d622e25685%22:%91%22text_text_color%22%93}\u00bb theme_builder_area=\u00bbpost_content\u00bb text_text_color=\u00bbgcid-c389bf42-7860-4a0d-bc00-f1d622e25685&#8243; sticky_enabled=\u00bb0&#8243;]<\/p>\n<h1>Aviso legal<\/h1>\n<p>Comprometidos a cuidar tus datos<\/p>\n<p>[\/et_pb_text][\/et_pb_column][et_pb_column type=\u00bb1_2&#8243; disabled_on=\u00bbon|on|off\u00bb _builder_version=\u00bb4.23.1&#8243; custom_css_main_element=\u00bbmargin: auto;\u00bb global_colors_info=\u00bb{}\u00bb theme_builder_area=\u00bbpost_content\u00bb][\/et_pb_column][\/et_pb_row][et_pb_row make_equal=\u00bbon\u00bb _builder_version=\u00bb4.23.1&#8243; width_tablet=\u00bb\u00bb width_phone=\u00bb90%\u00bb width_last_edited=\u00bbon|phone\u00bb max_width=\u00bb1280px\u00bb global_colors_info=\u00bb{}\u00bb theme_builder_area=\u00bbpost_content\u00bb][et_pb_column type=\u00bb4_4&#8243; _builder_version=\u00bb4.16&#8243; global_colors_info=\u00bb{}\u00bb theme_builder_area=\u00bbpost_content\u00bb][et_pb_text _builder_version=\u00bb4.27.4&#8243; link_text_color=\u00bb#262626&#8243; hover_enabled=\u00bb0&#8243; global_colors_info=\u00bb{%22gcid-c389bf42-7860-4a0d-bc00-f1d622e25685%22:%91%22text_text_color%22%93}\u00bb theme_builder_area=\u00bbpost_content\u00bb text_text_color=\u00bbgcid-c389bf42-7860-4a0d-bc00-f1d622e25685&#8243; sticky_enabled=\u00bb0&#8243;]<\/p>\n<header><\/header>\n<div class=\"\">\n<div class=\"\">\n<p class=\"ng-binding\">En este espacio, el usuario, podr\u00e1 encontrar toda la informaci\u00f3n relativa a los t\u00e9rminos y condiciones legales que definen las relaciones entre los usuarios y nosotros como responsables de esta web.<\/p>\n<p class=\"ng-binding\">Como usuario, es importante que conozcas estos t\u00e9rminos antes de continuar tu navegaci\u00f3n.<\/p>\n<p class=\"ng-binding\">Grupo Vansur S.A., como responsable de esta web, asume el compromiso de procesar la informaci\u00f3n de nuestros usuarios y clientes con plenas garant\u00edas y cumplir con los requisitos nacionales y europeos que regulan la recopilaci\u00f3n y uso de los datos personales de nuestros usuarios. Esta web, por tanto, cumple rigurosamente con el RGPD (Reglamento UE 2016\/679 de protecci\u00f3n de datos) y la LSSI-CE (Ley 34\/2002 de servicios de la sociedad de la informaci\u00f3n y de comercio electr\u00f3nico).<\/p>\n<p><strong>Condiciones generales de uso<\/strong><\/p>\n<p class=\"ng-binding\">Las presentes Condiciones Generales regulan el uso (incluyendo el mero acceso) de las p\u00e1ginas de la web, integrantes del sitio web de <a href=\"https:\/\/grupovansur.com\/\">grupovansur.com<\/a> incluidos los contenidos y servicios puestos a disposici\u00f3n en ellas.<\/p>\n<p class=\"ng-binding\">Toda persona que acceda a la web <a href=\"https:\/\/grupovansur.com\/\">grupovansur.com<\/a> acepta someterse a las Condiciones Generales vigentes en cada momento.<\/p>\n<p><strong>Compromisos y obligaciones de los usuarios<\/strong><\/p>\n<p class=\"ng-binding\">El usuario queda informado, y acepta, que el acceso a la presente web no supone, en modo alguno, el inicio de una relaci\u00f3n comercial con <a href=\"https:\/\/grupovansur.com\/\">grupovansur.com<\/a>. De esta forma, el usuario se compromete a utilizar el sitio Web, sus servicios y contenidos sin contravenir la legislaci\u00f3n vigente, la buena fe y el orden p\u00fablico.<\/p>\n<p class=\"ng-binding\">Queda prohibido el uso de la web, con fines il\u00edcitos o lesivos, o que, de cualquier forma, puedan causar perjuicio o impedir el normal funcionamiento del sitio web.<\/p>\n<p class=\"ng-binding\"><span style=\"text-decoration: underline;\">Respecto de los contenidos de esta web, se proh\u00edbe:<\/span><\/p>\n<ul>\n<li class=\"ng-binding\">Su reproducci\u00f3n, distribuci\u00f3n o modificaci\u00f3n, total o parcial, a menos que se cuente con la autorizaci\u00f3n de sus leg\u00edtimos titulares.<\/li>\n<li class=\"ng-binding\">Cualquier vulneraci\u00f3n de los derechos del prestador o de los leg\u00edtimos titulares.<\/li>\n<li class=\"ng-binding\">Su utilizaci\u00f3n para fines comerciales o publicitarios.<\/li>\n<\/ul>\n<p>En la utilizaci\u00f3n de la web, <a href=\"https:\/\/grupovansur.com\/\">grupovansur.com<\/a>, el usuario se compromete a no llevar a cabo ninguna conducta que pudiera da\u00f1ar la imagen, los intereses y los derechos de <a href=\"https:\/\/grupovansur.com\/\">grupovansur.com<\/a> o de terceros.<\/p>\n<p>No obstante, el usuario debe ser consciente de que las medidas de seguridad de los sistemas inform\u00e1ticos en Internet no son enteramente fiables y que, por tanto <a href=\"https:\/\/grupovansur.com\/\">grupovansur.com<\/a> no puede garantizar la inexistencia de virus u otros elementos que puedan producir alteraciones en los sistemas inform\u00e1ticos (software y hardware) del usuario o en sus documentos electr\u00f3nicos y ficheros contenidos en los mismos.<\/p>\n<p><strong>Medidas de seguridad<\/strong><\/p>\n<p class=\"ng-binding\">Los datos personales comunicados por el usuario a <a href=\"https:\/\/grupovansur.com\/\">grupovansur.com<\/a> pueden ser almacenados en bases de datos automatizadas o no, cuya titularidad corresponde en exclusiva a <a href=\"https:\/\/grupovansur.com\/\">grupovansur.com<\/a>, asumiendo \u00e9sta todas las medidas de \u00edndole t\u00e9cnica, organizativa y de seguridad que garantizan la confidencialidad, integridad y calidad de la informaci\u00f3n contenida en las mismas de acuerdo con lo establecido en la normativa vigente en protecci\u00f3n de datos.<\/p>\n<p class=\"ng-binding\">La comunicaci\u00f3n entre los usuarios y <a href=\"https:\/\/grupovansur.com\/\">grupovansur.com<\/a> utiliza un canal seguro, y los datos transmitidos son cifrados gracias a protocolos a https, por tanto, garantizamos las mejores condiciones de seguridad para que la confidencialidad de los usuarios est\u00e9 garantizada.<\/p>\n<p><strong>Reclamaciones<\/strong><\/p>\n<p class=\"ng-binding\">El usuario podr\u00e1 realizar reclamaciones remitiendo un correo electr\u00f3nico a<span>\u00a0<\/span><a href=\"mailto:info@grupovansur.com\" class=\"ng-binding\">info@grupovansur.com<\/a><span>\u00a0<\/span>indicando su nombre y apellidos, el servicio y\/o producto adquirido y exponiendo los motivos de su reclamaci\u00f3n.<\/p>\n<p><strong>Derechos de propiedad intelectual e industrial<\/strong><\/p>\n<p class=\"ng-binding\">En virtud de lo dispuesto en los art\u00edculos 8 y 32.1, p\u00e1rrafo segundo, de la Ley de Propiedad Intelectual, quedan expresamente prohibidas la reproducci\u00f3n, la distribuci\u00f3n y la comunicaci\u00f3n p\u00fablica, incluida su modalidad de puesta a disposici\u00f3n, de la totalidad o parte de los contenidos de esta p\u00e1gina web, con fines comerciales, en cualquier soporte y por cualquier medio t\u00e9cnico, sin la autorizaci\u00f3n de <a href=\"https:\/\/grupovansur.com\/\">grupovansur.com<\/a>.<\/p>\n<p class=\"ng-binding\">El usuario se compromete a respetar los derechos de Propiedad Intelectual e Industrial titularidad de <a href=\"https:\/\/grupovansur.com\/\">grupovansur.com<\/a>.<\/p>\n<p class=\"ng-binding\">El usuario conoce y acepta que la totalidad del sitio web, conteniendo sin car\u00e1cter exhaustivo el texto, software, contenidos (incluyendo estructura, selecci\u00f3n, ordenaci\u00f3n y presentaci\u00f3n de los mismos) podcast, fotograf\u00edas, material audiovisual y gr\u00e1ficos, est\u00e1 protegida por marcas, derechos de autor y otros derechos leg\u00edtimos, de acuerdo con los tratados internacionales en los que Espa\u00f1a es parte y otros derechos de propiedad y leyes de Espa\u00f1a.<\/p>\n<p class=\"ng-binding\">En el caso de que un usuario o un tercero consideren que se ha producido una violaci\u00f3n de sus leg\u00edtimos derechos de propiedad intelectual por la introducci\u00f3n de un determinado contenido en la web, deber\u00e1 notificar dicha circunstancia a <a href=\"https:\/\/grupovansur.com\/\">grupovansur.com<\/a> indicando:<\/p>\n<ul>\n<li>Datos personales del interesado titular de los derechos presuntamente infringidos, o indicar la representaci\u00f3n con la que act\u00faa en caso de que la reclamaci\u00f3n la presente un tercero distinto del interesado.<\/li>\n<li>Se\u00f1alar los contenidos protegidos por los derechos de propiedad intelectual y su ubicaci\u00f3n en la web, la acreditaci\u00f3n de los derechos de propiedad intelectual se\u00f1alados y declaraci\u00f3n expresa en la que el interesado se responsabiliza de la veracidad de las informaciones facilitadas en la notificaci\u00f3n<\/li>\n<\/ul>\n<p><strong>Enlaces externos<\/strong><\/p>\n<p class=\"ng-binding\">Las p\u00e1ginas de la web <a href=\"https:\/\/grupovansur.com\/\">grupovansur.com<\/a>, podr\u00edan proporcionar enlaces a otros sitios web propios y contenidos que son propiedad de terceros. El \u00fanico objeto de los enlaces es proporcionar al usuario la posibilidad de acceder a dichos enlaces.<\/p>\n<p class=\"ng-binding\"><a href=\"https:\/\/grupovansur.com\/\">grupovansur.com<\/a> no se responsabiliza en ning\u00fan caso de los resultados que puedan derivarse al usuario por acceso a dichos enlaces.<\/p>\n<p>El usuario que se proponga establecer cualquier dispositivo t\u00e9cnico de enlace desde su sitio web al portal <a href=\"https:\/\/grupovansur.com\/\">grupovansur.com<\/a> deber\u00e1 obtener la autorizaci\u00f3n previa y escrita de <a href=\"https:\/\/grupovansur.com\/\">grupovansur.com<\/a><\/p>\n<p>El establecimiento del enlace no implica en ning\u00fan caso la existencia de relaciones entre <a href=\"https:\/\/grupovansur.com\/\">grupovansur.com<\/a> y el propietario del sitio en el que se establezca el enlace, ni la aceptaci\u00f3n o aprobaci\u00f3n por parte de <a href=\"https:\/\/grupovansur.com\/\">grupovansur.com<\/a> de sus contenidos o servicios.<\/p>\n<p><strong>Pol\u00edtica de comentarios<\/strong><\/p>\n<p>En nuestra web y se permiten realizar comentarios para enriquecer los contenidos y realizar consultas.<\/p>\n<p>No se admitir\u00e1n comentarios que no est\u00e9n relacionados con la tem\u00e1tica de esta web, que incluyan difamaciones, agravios, insultos, ataques personales o faltas de respeto en general hacia el autor o hacia otros miembros.<\/p>\n<p>Tambi\u00e9n ser\u00e1n suprimidos los comentarios que contengan informaci\u00f3n que sea obviamente enga\u00f1osa o falsa, as\u00ed como los comentarios que contengan informaci\u00f3n personal, como, por ejemplo, domicilios privado o tel\u00e9fonos y que vulneren nuestra pol\u00edtica de protecci\u00f3n de datos.<\/p>\n<p>Se desestimar\u00e1, igualmente, aquellos comentarios creados s\u00f3lo con fines promocionales de una web, persona o colectivo y todo lo que pueda ser considerado spam en general.<\/p>\n<p>No se permiten comentarios an\u00f3nimos, as\u00ed como aquellos realizados por una misma persona con distintos apodos. No se considerar\u00e1n tampoco aquellos comentarios que intenten forzar un debate o una toma de postura por otro usuario.<\/p>\n<p><strong>Exclusi\u00f3n de garant\u00edas y responsabilidad<\/strong><\/p>\n<p>El prestador no otorga ninguna garant\u00eda ni se hace responsable, en ning\u00fan caso, de los da\u00f1os y perjuicios de cualquier naturaleza que pudieran traer causa de:<\/p>\n<ul>\n<li>La falta de disponibilidad, mantenimiento y efectivo funcionamiento de la web, o de sus servicios y contenidos.<\/li>\n<li>La existencia de virus, programas maliciosos o lesivos en los contenidos.<\/li>\n<li>El uso il\u00edcito, negligente, fraudulento o contrario a este Aviso Legal.<\/li>\n<li>La falta de licitud, calidad, fiabilidad, utilidad y disponibilidad de los servicios prestados por terceros y puestos a disposici\u00f3n de los usuarios en el sitio web.<\/li>\n<li>El prestador no se hace responsable bajo ning\u00fan concepto de los da\u00f1os que pudieran dimanar del uso ilegal o indebido de la presente p\u00e1gina web.<\/li>\n<\/ul>\n<p class=\"ng-binding\"><a href=\"mailto:info@grupovansur.com\" class=\"ng-binding\"><\/a><\/p>\n<\/div>\n<\/div>\n<p>[\/et_pb_text][\/et_pb_column][\/et_pb_row][\/et_pb_section]<\/p>\n","protected":false},"excerpt":{"rendered":"<p>Aviso legal Comprometidos a cuidar tus datos En este espacio, el usuario, podr\u00e1 encontrar toda la informaci\u00f3n relativa a los t\u00e9rminos y condiciones legales que definen las relaciones entre los usuarios y nosotros como responsables de esta web. Como usuario, es importante que conozcas estos t\u00e9rminos antes de continuar tu navegaci\u00f3n. Grupo Vansur S.A., como [&hellip;]<\/p>\n","protected":false},"author":1,"featured_media":0,"parent":0,"menu_order":0,"comment_status":"closed","ping_status":"closed","template":"","meta":{"_et_pb_use_builder":"on","_et_pb_old_content":"","_et_gb_content_width":"","_joinchat":{"view":"no"},"footnotes":""},"class_list":["post-5895","page","type-page","status-publish","hentry"],"_links":{"self":[{"href":"https:\/\/grupovansur.com\/en\/wp-json\/wp\/v2\/pages\/5895","targetHints":{"allow":["GET"]}}],"collection":[{"href":"https:\/\/grupovansur.com\/en\/wp-json\/wp\/v2\/pages"}],"about":[{"href":"https:\/\/grupovansur.com\/en\/wp-json\/wp\/v2\/types\/page"}],"author":[{"embeddable":true,"href":"https:\/\/grupovansur.com\/en\/wp-json\/wp\/v2\/users\/1"}],"replies":[{"embeddable":true,"href":"https:\/\/grupovansur.com\/en\/wp-json\/wp\/v2\/comments?post=5895"}],"version-history":[{"count":1,"href":"https:\/\/grupovansur.com\/en\/wp-json\/wp\/v2\/pages\/5895\/revisions"}],"predecessor-version":[{"id":242831,"href":"https:\/\/grupovansur.com\/en\/wp-json\/wp\/v2\/pages\/5895\/revisions\/242831"}],"wp:attachment":[{"href":"https:\/\/grupovansur.com\/en\/wp-json\/wp\/v2\/media?parent=5895"}],"curies":[{"name":"wp","href":"https:\/\/api.w.org\/{rel}","templated":true}]}}