{"id":6756,"date":"2021-09-20T10:51:37","date_gmt":"2021-09-20T13:51:37","guid":{"rendered":"https:\/\/grupovansur.com\/?page_id=6756"},"modified":"2025-08-23T20:13:23","modified_gmt":"2025-08-23T23:13:23","slug":"soporte-al-cliente","status":"publish","type":"page","link":"https:\/\/grupovansur.com\/en\/soporte-al-cliente\/","title":{"rendered":"Customer support"},"content":{"rendered":"<p>[et_pb_section fb_built=\u00bb1&#8243; custom_padding_last_edited=\u00bbon|phone\u00bb admin_label=\u00bbPortada\u00bb _builder_version=\u00bb4.27.4&#8243; background_enable_color=\u00bboff\u00bb background_image=\u00bbhttps:\/\/grupovansur.com\/wp-content\/uploads\/2023\/11\/bg-rising-planet-scaled.webp\u00bb parallax=\u00bbon\u00bb custom_margin=\u00bb-75px||||false|false\u00bb custom_margin_tablet=\u00bb\u00bb custom_margin_phone=\u00bb||||false|false\u00bb custom_margin_last_edited=\u00bbon|phone\u00bb custom_padding=\u00bb40px||5px||false|false\u00bb custom_padding_tablet=\u00bb35px||10px||false|false\u00bb custom_padding_phone=\u00bb20px||30px||false|false\u00bb bottom_divider_color=\u00bb#FFFFFF\u00bb bottom_divider_height=\u00bb70px\u00bb bottom_divider_height_tablet=\u00bb70px\u00bb bottom_divider_height_phone=\u00bb35px\u00bb bottom_divider_height_last_edited=\u00bbon|phone\u00bb border_radii=\u00bboff||||\u00bb border_radii_tablet=\u00bboff|||30px|30px\u00bb border_radii_phone=\u00bboff|||0px|0px\u00bb border_radii_last_edited=\u00bboff|desktop\u00bb global_colors_info=\u00bb{}\u00bb theme_builder_area=\u00bbpost_content\u00bb][et_pb_row admin_label=\u00bbContenedor T\u00edtulo\u00bb _builder_version=\u00bb4.23.1&#8243; width=\u00bb800px\u00bb width_tablet=\u00bb\u00bb width_phone=\u00bb90%\u00bb width_last_edited=\u00bbon|phone\u00bb module_alignment=\u00bbcenter\u00bb custom_margin=\u00bb8%||8%||false|false\u00bb custom_margin_tablet=\u00bb\u00bb custom_margin_phone=\u00bb22%||5%||false|false\u00bb custom_margin_last_edited=\u00bbon|phone\u00bb global_colors_info=\u00bb{}\u00bb width__hover_enabled=\u00bboff|desktop\u00bb theme_builder_area=\u00bbpost_content\u00bb][et_pb_column type=\u00bb4_4&#8243; module_class=\u00bbinline-buttons\u00bb _builder_version=\u00bb4.18.0&#8243; custom_css_main_element=\u00bbtext-align: center;\u00bb global_colors_info=\u00bb{}\u00bb theme_builder_area=\u00bbpost_content\u00bb][et_pb_text admin_label=\u00bbT\u00edtulo\u00bb _builder_version=\u00bb4.27.4&#8243; text_font=\u00bbMontserrat||||||||\u00bb text_text_color=\u00bbrgba(255,255,255,0.6)\u00bb text_font_size=\u00bb18px\u00bb text_line_height=\u00bb1.4em\u00bb header_font=\u00bbMonument Extended Regular|300|||||||\u00bb header_font_size=\u00bb40px\u00bb header_line_height=\u00bb1.2em\u00bb header_2_font=\u00bb||||||||\u00bb text_orientation=\u00bbcenter\u00bb background_layout=\u00bbdark\u00bb text_font_size_tablet=\u00bb18px\u00bb text_font_size_phone=\u00bb16px\u00bb text_font_size_last_edited=\u00bbon|phone\u00bb header_font_size_tablet=\u00bb40px\u00bb header_font_size_phone=\u00bb28px\u00bb header_font_size_last_edited=\u00bbon|phone\u00bb global_colors_info=\u00bb{}\u00bb theme_builder_area=\u00bbpost_content\u00bb]<\/p>\n<h1>Soporte al cliente<\/h1>\n<p>Completa el formulario, en breve nos contactamos para resolver tu consulta[\/et_pb_text][\/et_pb_column][\/et_pb_row][\/et_pb_section][et_pb_section fb_built=\u00bb1&#8243; fullwidth=\u00bbon\u00bb admin_label=\u00bbContenedor C\u00f3digo Stars\u00bb _builder_version=\u00bb4.16&#8243; background_enable_color=\u00bboff\u00bb positioning=\u00bbnone\u00bb global_colors_info=\u00bb{}\u00bb theme_builder_area=\u00bbpost_content\u00bb][et_pb_fullwidth_code admin_label=\u00bbC\u00f3digo Stars\u00bb _builder_version=\u00bb4.16&#8243; positioning=\u00bbnone\u00bb position_origin_a=\u00bbtop_center\u00bb position_origin_f=\u00bbtop_center\u00bb width=\u00bb100%\u00bb max_height=\u00bb100px\u00bb global_colors_info=\u00bb{}\u00bb theme_builder_area=\u00bbpost_content\u00bb]<\/p>\n<div class='stars'><\/div>\n<p><!-- [et_pb_line_break_holder] --><\/p>\n<div class='stars2'><\/div>\n<p><!-- [et_pb_line_break_holder] --><\/p>\n<div class='stars3'><\/div>\n<p>[\/et_pb_fullwidth_code][\/et_pb_section][et_pb_section fb_built=\u00bb1&#8243; _builder_version=\u00bb4.23.1&#8243; _module_preset=\u00bbdefault\u00bb custom_padding=\u00bb||100px||false|false\u00bb global_colors_info=\u00bb{}\u00bb theme_builder_area=\u00bbpost_content\u00bb][et_pb_row _builder_version=\u00bb4.23.1&#8243; _module_preset=\u00bbdefault\u00bb max_width=\u00bb1280px\u00bb global_colors_info=\u00bb{}\u00bb theme_builder_area=\u00bbpost_content\u00bb][et_pb_column type=\u00bb4_4&#8243; _builder_version=\u00bb4.23.1&#8243; _module_preset=\u00bbdefault\u00bb global_colors_info=\u00bb{}\u00bb theme_builder_area=\u00bbpost_content\u00bb][et_pb_text admin_label=\u00bbDefinici\u00f3n Funnel\u00bb _builder_version=\u00bb4.27.4&#8243; text_orientation=\u00bbcenter\u00bb hover_enabled=\u00bb0&#8243; global_colors_info=\u00bb{%22gcid-c389bf42-7860-4a0d-bc00-f1d622e25685%22:%91%22text_text_color%22%93}\u00bb theme_builder_area=\u00bbpost_content\u00bb text_text_color=\u00bbgcid-c389bf42-7860-4a0d-bc00-f1d622e25685&#8243; sticky_enabled=\u00bb0&#8243;]<\/p>\n<h2>Genera un ticket<\/h2>\n<p>Especifica tu pedido de manera que podamos resolverlo lo antes posible.<br \/>Tambi\u00e9n puedes enviarnos un correo a <a href=\"mailto:soporte@grupovansur.com\"><span style=\"color: #262626; text-decoration: underline; text-decoration-color: #FFF3D4; text-decoration-thickness: 9px; text-underline-offset: -4px; text-decoration-skip-ink: none;\">soporte@grupovansur.com<\/span><\/a><\/p>\n<p>[\/et_pb_text][\/et_pb_column][\/et_pb_row][et_pb_row make_equal=\u00bbon\u00bb custom_padding_last_edited=\u00bbon|phone\u00bb _builder_version=\u00bb4.23.1&#8243; _module_preset=\u00bbdefault\u00bb width=\u00bb50%\u00bb width_tablet=\u00bb\u00bb width_phone=\u00bb90%\u00bb width_last_edited=\u00bbon|phone\u00bb max_width=\u00bb1280px\u00bb custom_padding=\u00bb50px|50px|50px|50px|true|true\u00bb custom_padding_tablet=\u00bb50px|50px|50px|50px|true|true\u00bb custom_padding_phone=\u00bb0px|0px|0px|0px|true|true\u00bb border_radii=\u00bbon|20px|20px|20px|20px\u00bb border_radii_tablet=\u00bbon|20px|20px|20px|20px\u00bb border_radii_phone=\u00bbon|0px|0px|0px|0px\u00bb border_radii_last_edited=\u00bbon|phone\u00bb box_shadow_style=\u00bbpreset3&#8243; box_shadow_vertical=\u00bb40px\u00bb box_shadow_blur=\u00bb80px\u00bb box_shadow_spread=\u00bb-30px\u00bb box_shadow_color=\u00bbrgba(0,0,0,0.22)\u00bb box_shadow_color_tablet=\u00bbrgba(0,0,0,0.22)\u00bb box_shadow_color_phone=\u00bbRGBA(255,255,255,0)\u00bb box_shadow_color_last_edited=\u00bbon|phone\u00bb global_colors_info=\u00bb{}\u00bb theme_builder_area=\u00bbpost_content\u00bb][et_pb_column type=\u00bb4_4&#8243; _builder_version=\u00bb4.18.0&#8243; _module_preset=\u00bbdefault\u00bb global_colors_info=\u00bb{}\u00bb theme_builder_area=\u00bbpost_content\u00bb][et_pb_contact_form use_spam_service=\u00bbon\u00bb recaptcha_list=\u00bbGrupo Vansur|Grupo Vansur-0&#8243; email=\u00bbsoporte@grupovansur.zohodesk.com\u00bb use_redirect=\u00bbon\u00bb redirect_url=\u00bbhttps:\/\/grupovansur.com\/gracias\u00bb submit_button_text=\u00bbEnviar\u00bb disabled_on=\u00bbon|on|on\u00bb _builder_version=\u00bb4.27.4&#8243; _module_preset=\u00bbdefault\u00bb _unique_id=\u00bb9f924b9f-35a3-46aa-8ece-7b0376fd0257&#8243; form_field_background_color=\u00bbRGBA(255,255,255,0)\u00bb form_field_focus_text_color=\u00bb#262626&#8243; title_font=\u00bbTitillium Web||||||||\u00bb custom_button=\u00bbon\u00bb button_text_size=\u00bb13px\u00bb button_text_color=\u00bb#262626&#8243; button_bg_color=\u00bb#ffc127&#8243; button_border_width=\u00bb1px\u00bb button_border_color=\u00bb#ffc127&#8243; button_border_radius=\u00bb100px\u00bb button_letter_spacing=\u00bb1px\u00bb button_use_icon=\u00bboff\u00bb button_custom_padding=\u00bb15px|30px|15px|30px|true|true\u00bb border_radii=\u00bbon|8px|8px|8px|8px\u00bb border_width_all=\u00bb1px\u00bb border_color_all=\u00bb#e0e2e2&#8243; box_shadow_style_button=\u00bbpreset5&#8243; box_shadow_vertical_button=\u00bb0px\u00bb box_shadow_spread_button=\u00bb0px\u00bb box_shadow_color_button=\u00bbrgba(0,0,0,0.02)\u00bb disabled=\u00bbon\u00bb global_colors_info=\u00bb{%22gcid-744c4d97-1532-479a-9843-64630ecf983e%22:%91%22button_bg_color__hover%22%93,%22gcid-f9b193e8-a03f-4a76-807d-65ae3fbab597%22:%91%22button_border_color__hover%22%93}\u00bb button_bg_color__hover=\u00bbRGBA(255,255,255,0)\u00bb button_bg_color__hover_enabled=\u00bbon|hover\u00bb button_border_color__hover=\u00bb#ffc127&#8243; button_border_color__hover_enabled=\u00bbon|hover\u00bb button_letter_spacing__hover_enabled=\u00bboff|hover\u00bb button_letter_spacing__hover=\u00bb1px\u00bb button_text_color__hover=\u00bb#262626&#8243; button_text_color__hover_enabled=\u00bbon|desktop\u00bb box_shadow_spread_button__hover_enabled=\u00bbon|hover\u00bb box_shadow_spread_button__hover=\u00bb5px\u00bb theme_builder_area=\u00bbpost_content\u00bb][et_pb_contact_field field_id=\u00bbFirst_Name\u00bb field_title=\u00bbNombre\u00bb _builder_version=\u00bb4.23.1&#8243; global_colors_info=\u00bb{}\u00bb button_text_size__hover_enabled=\u00bboff\u00bb button_one_text_size__hover_enabled=\u00bboff\u00bb button_two_text_size__hover_enabled=\u00bboff\u00bb button_text_color__hover_enabled=\u00bboff\u00bb button_one_text_color__hover_enabled=\u00bboff\u00bb button_two_text_color__hover_enabled=\u00bboff\u00bb button_border_width__hover_enabled=\u00bboff\u00bb button_one_border_width__hover_enabled=\u00bboff\u00bb button_two_border_width__hover_enabled=\u00bboff\u00bb button_border_color__hover_enabled=\u00bboff\u00bb button_one_border_color__hover_enabled=\u00bboff\u00bb button_two_border_color__hover_enabled=\u00bboff\u00bb button_border_radius__hover_enabled=\u00bboff\u00bb button_one_border_radius__hover_enabled=\u00bboff\u00bb button_two_border_radius__hover_enabled=\u00bboff\u00bb button_letter_spacing__hover_enabled=\u00bboff\u00bb button_one_letter_spacing__hover_enabled=\u00bboff\u00bb button_two_letter_spacing__hover_enabled=\u00bboff\u00bb button_bg_color__hover_enabled=\u00bboff\u00bb button_one_bg_color__hover_enabled=\u00bboff\u00bb button_two_bg_color__hover_enabled=\u00bboff\u00bb theme_builder_area=\u00bbpost_content\u00bb][\/et_pb_contact_field][et_pb_contact_field field_id=\u00bbLast_Name\u00bb field_title=\u00bbApellido\u00bb _builder_version=\u00bb4.23.1&#8243; global_colors_info=\u00bb{}\u00bb button_text_size__hover_enabled=\u00bboff\u00bb button_one_text_size__hover_enabled=\u00bboff\u00bb button_two_text_size__hover_enabled=\u00bboff\u00bb button_text_color__hover_enabled=\u00bboff\u00bb button_one_text_color__hover_enabled=\u00bboff\u00bb button_two_text_color__hover_enabled=\u00bboff\u00bb button_border_width__hover_enabled=\u00bboff\u00bb button_one_border_width__hover_enabled=\u00bboff\u00bb button_two_border_width__hover_enabled=\u00bboff\u00bb button_border_color__hover_enabled=\u00bboff\u00bb button_one_border_color__hover_enabled=\u00bboff\u00bb button_two_border_color__hover_enabled=\u00bboff\u00bb button_border_radius__hover_enabled=\u00bboff\u00bb button_one_border_radius__hover_enabled=\u00bboff\u00bb button_two_border_radius__hover_enabled=\u00bboff\u00bb button_letter_spacing__hover_enabled=\u00bboff\u00bb button_one_letter_spacing__hover_enabled=\u00bboff\u00bb button_two_letter_spacing__hover_enabled=\u00bboff\u00bb button_bg_color__hover_enabled=\u00bboff\u00bb button_one_bg_color__hover_enabled=\u00bboff\u00bb button_two_bg_color__hover_enabled=\u00bboff\u00bb theme_builder_area=\u00bbpost_content\u00bb][\/et_pb_contact_field][et_pb_contact_field field_id=\u00bbE-mail\u00bb field_title=\u00bbEmail\u00bb field_type=\u00bbemail\u00bb _builder_version=\u00bb4.23.1&#8243; global_colors_info=\u00bb{}\u00bb button_text_size__hover_enabled=\u00bboff\u00bb button_one_text_size__hover_enabled=\u00bboff\u00bb button_two_text_size__hover_enabled=\u00bboff\u00bb button_text_color__hover_enabled=\u00bboff\u00bb button_one_text_color__hover_enabled=\u00bboff\u00bb button_two_text_color__hover_enabled=\u00bboff\u00bb button_border_width__hover_enabled=\u00bboff\u00bb button_one_border_width__hover_enabled=\u00bboff\u00bb button_two_border_width__hover_enabled=\u00bboff\u00bb button_border_color__hover_enabled=\u00bboff\u00bb button_one_border_color__hover_enabled=\u00bboff\u00bb button_two_border_color__hover_enabled=\u00bboff\u00bb button_border_radius__hover_enabled=\u00bboff\u00bb button_one_border_radius__hover_enabled=\u00bboff\u00bb button_two_border_radius__hover_enabled=\u00bboff\u00bb button_letter_spacing__hover_enabled=\u00bboff\u00bb button_one_letter_spacing__hover_enabled=\u00bboff\u00bb button_two_letter_spacing__hover_enabled=\u00bboff\u00bb button_bg_color__hover_enabled=\u00bboff\u00bb button_one_bg_color__hover_enabled=\u00bboff\u00bb button_two_bg_color__hover_enabled=\u00bboff\u00bb theme_builder_area=\u00bbpost_content\u00bb][\/et_pb_contact_field][et_pb_contact_field field_id=\u00bbCompany\u00bb field_title=\u00bbEmpresa \/ Proyecto\u00bb _builder_version=\u00bb4.23.1&#8243; _module_preset=\u00bbdefault\u00bb global_colors_info=\u00bb{}\u00bb theme_builder_area=\u00bbpost_content\u00bb][\/et_pb_contact_field][et_pb_contact_field field_id=\u00bbPrefijo\u00bb field_title=\u00bbPrefijo\u00bb field_type=\u00bbselect\u00bb select_options=\u00bb%91{%22value%22:%22Argentina (+54)%22,%22checked%22:0,%22dragID%22:-1},{%22value%22:%22Brasil (+55)%22,%22checked%22:0,%22dragID%22:0},{%22value%22:%22Chile (+56)%22,%22checked%22:0,%22dragID%22:1},{%22value%22:%22Colombia (+57)%22,%22checked%22:0,%22dragID%22:2},{%22value%22:%22Costa Rica (+506)%22,%22checked%22:0,%22dragID%22:3},{%22value%22:%22Ecuador (+593)%22,%22checked%22:0,%22dragID%22:4},{%22value%22:%22El Salvador (+503)%22,%22checked%22:0,%22dragID%22:5},{%22value%22:%22Espa\u00f1a (+34)%22,%22checked%22:0,%22dragID%22:6},{%22value%22:%22Estados Unidos (+1)%22,%22checked%22:0,%22dragID%22:7},{%22value%22:%22Francia (+33)%22,%22checked%22:0,%22dragID%22:8},{%22value%22:%22Guatemala (+502)%22,%22checked%22:0,%22dragID%22:9},{%22value%22:%22M\u00e9xico (+52)%22,%22checked%22:0,%22dragID%22:10},{%22value%22:%22Panam\u00e1 (+507)%22,%22checked%22:0,%22dragID%22:11},{%22value%22:%22Paraguay (+595)%22,%22checked%22:0,%22dragID%22:12},{%22value%22:%22Per\u00fa (+51)%22,%22checked%22:0,%22dragID%22:13},{%22value%22:%22Uruguay (+598)%22,%22checked%22:0,%22dragID%22:14}%93&#8243; _builder_version=\u00bb4.23.1&#8243; _module_preset=\u00bbdefault\u00bb custom_css_main_element=\u00bbwidth: 30%!important;\u00bb global_colors_info=\u00bb{}\u00bb theme_builder_area=\u00bbpost_content\u00bb][\/et_pb_contact_field][et_pb_contact_field field_id=\u00bbPhone_Number\u00bb field_title=\u00bbTel\u00e9fono \/ WhatsApp\u00bb _builder_version=\u00bb4.23.1&#8243; _module_preset=\u00bbdefault\u00bb custom_css_main_element=\u00bbwidth: 70%!important;\u00bb global_colors_info=\u00bb{}\u00bb theme_builder_area=\u00bbpost_content\u00bb][\/et_pb_contact_field][et_pb_contact_field field_id=\u00bbTipo_de_consulta\u00bb field_title=\u00bbTipo de consulta\u00bb field_type=\u00bbselect\u00bb select_options=\u00bb%91{%22value%22:%22Modificaciones web%22,%22checked%22:0,%22dragID%22:-1},{%22value%22:%22Soporte t\u00e9cnico%22,%22checked%22:0,%22dragID%22:0},{%22value%22:%22Informaci\u00f3n sobre pagos y facturaci\u00f3n%22,%22checked%22:0,%22dragID%22:1},{%22value%22:%22Otra%22,%22checked%22:0,%22dragID%22:2}%93&#8243; _builder_version=\u00bb4.23.1&#8243; _module_preset=\u00bbdefault\u00bb global_colors_info=\u00bb{}\u00bb theme_builder_area=\u00bbpost_content\u00bb][\/et_pb_contact_field][et_pb_contact_field field_id=\u00bbPrioridad\u00bb field_title=\u00bbPrioridad\u00bb field_type=\u00bbselect\u00bb select_options=\u00bb%91{%22value%22:%22Baja%22,%22checked%22:0,%22dragID%22:-1},{%22value%22:%22Media%22,%22checked%22:0,%22dragID%22:0},{%22value%22:%22Alta%22,%22checked%22:0,%22dragID%22:1},{%22value%22:%22Emergencia%22,%22checked%22:0,%22dragID%22:2},{%22value%22:%22Queja%22,%22checked%22:0,%22dragID%22:3}%93&#8243; _builder_version=\u00bb4.23.1&#8243; _module_preset=\u00bbdefault\u00bb global_colors_info=\u00bb{}\u00bb theme_builder_area=\u00bbpost_content\u00bb][\/et_pb_contact_field][et_pb_contact_field field_id=\u00bbdescription\u00bb field_title=\u00bbDetalla tu consulta\u00bb field_type=\u00bbtext\u00bb fullwidth_field=\u00bbon\u00bb _builder_version=\u00bb4.23.1&#8243; global_colors_info=\u00bb{}\u00bb button_text_size__hover_enabled=\u00bboff\u00bb button_one_text_size__hover_enabled=\u00bboff\u00bb button_two_text_size__hover_enabled=\u00bboff\u00bb button_text_color__hover_enabled=\u00bboff\u00bb button_one_text_color__hover_enabled=\u00bboff\u00bb button_two_text_color__hover_enabled=\u00bboff\u00bb button_border_width__hover_enabled=\u00bboff\u00bb button_one_border_width__hover_enabled=\u00bboff\u00bb button_two_border_width__hover_enabled=\u00bboff\u00bb button_border_color__hover_enabled=\u00bboff\u00bb button_one_border_color__hover_enabled=\u00bboff\u00bb button_two_border_color__hover_enabled=\u00bboff\u00bb button_border_radius__hover_enabled=\u00bboff\u00bb button_one_border_radius__hover_enabled=\u00bboff\u00bb button_two_border_radius__hover_enabled=\u00bboff\u00bb button_letter_spacing__hover_enabled=\u00bboff\u00bb button_one_letter_spacing__hover_enabled=\u00bboff\u00bb button_two_letter_spacing__hover_enabled=\u00bboff\u00bb button_bg_color__hover_enabled=\u00bboff\u00bb button_one_bg_color__hover_enabled=\u00bboff\u00bb button_two_bg_color__hover_enabled=\u00bboff\u00bb theme_builder_area=\u00bbpost_content\u00bb][\/et_pb_contact_field][\/et_pb_contact_form][et_pb_code _builder_version=\u00bb4.27.4&#8243; _module_preset=\u00bbdefault\u00bb global_colors_info=\u00bb{}\u00bb theme_builder_area=\u00bbpost_content\u00bb]<iframe data-tally-src=\"https:\/\/tally.so\/embed\/wkPNZJ?alignLeft=1&#038;hideTitle=1&#038;transparentBackground=1&#038;dynamicHeight=1\" loading=\"lazy\" width=\"100%\" height=\"314\" frameborder=\"0\" marginheight=\"0\" marginwidth=\"0\" title=\"Desarrollo Web\"><\/iframe><!-- [et_pb_line_break_holder] --><script>var d=document,w=\"https:\/\/tally.so\/widgets\/embed.js\",v=function(){\"undefined\"!=typeof Tally?Tally.loadEmbeds():d.querySelectorAll(\"iframe[data-tally-src]:not([src])\").forEach((function(e){e.src=e.dataset.tallySrc}))};if(\"undefined\"!=typeof Tally)v();else if(d.querySelector('script[src=\"'+w+'\"]')==null){var s=d.createElement(\"script\");s.src=w,s.onload=v,s.onerror=v,d.body.appendChild(s);}<\/script>[\/et_pb_code][\/et_pb_column][\/et_pb_row][\/et_pb_section]<\/p>\n","protected":false},"excerpt":{"rendered":"<p>Soporte al cliente Completa el formulario, en breve nos contactamos para resolver tu consultaGenera un ticket Especifica tu pedido de manera que podamos resolverlo lo antes posible.Tambi\u00e9n puedes enviarnos un correo a soporte@grupovansur.com<\/p>","protected":false},"author":1,"featured_media":0,"parent":0,"menu_order":0,"comment_status":"closed","ping_status":"closed","template":"","meta":{"_et_pb_use_builder":"on","_et_pb_old_content":"","_et_gb_content_width":"","_joinchat":{"view":"no"},"footnotes":""},"class_list":["post-6756","page","type-page","status-publish","hentry"],"_links":{"self":[{"href":"https:\/\/grupovansur.com\/en\/wp-json\/wp\/v2\/pages\/6756","targetHints":{"allow":["GET"]}}],"collection":[{"href":"https:\/\/grupovansur.com\/en\/wp-json\/wp\/v2\/pages"}],"about":[{"href":"https:\/\/grupovansur.com\/en\/wp-json\/wp\/v2\/types\/page"}],"author":[{"embeddable":true,"href":"https:\/\/grupovansur.com\/en\/wp-json\/wp\/v2\/users\/1"}],"replies":[{"embeddable":true,"href":"https:\/\/grupovansur.com\/en\/wp-json\/wp\/v2\/comments?post=6756"}],"version-history":[{"count":1,"href":"https:\/\/grupovansur.com\/en\/wp-json\/wp\/v2\/pages\/6756\/revisions"}],"predecessor-version":[{"id":242844,"href":"https:\/\/grupovansur.com\/en\/wp-json\/wp\/v2\/pages\/6756\/revisions\/242844"}],"wp:attachment":[{"href":"https:\/\/grupovansur.com\/en\/wp-json\/wp\/v2\/media?parent=6756"}],"curies":[{"name":"wp","href":"https:\/\/api.w.org\/{rel}","templated":true}]}}